{"id":1798,"date":"2020-10-02T21:05:40","date_gmt":"2020-10-02T21:05:40","guid":{"rendered":"https:\/\/estmagnet.ee\/toode\/ranneke-l130mm-w170mm\/"},"modified":"2020-10-02T21:05:40","modified_gmt":"2020-10-02T18:05:40","slug":"ranneke-l130mm-w170mm","status":"publish","type":"product","link":"https:\/\/estmagnet.ee\/fi\/tuote\/ranneke-l130mm-w170mm\/","title":{"rendered":"Ranneke-L130mm-W170mm"},"content":{"rendered":"<p><span style=\"font-size: small;\"><b>Tuotteen yksityiskohdat:<\/b><\/span><\/p>\n<ul>\n<li style=\"list-style-type: none;\">\n<ul>\n<li><span style=\"font-size: small; color: #555555;\">Turmaliini ja magneettikuitu sek\u00e4 elastaani. Harmaanvalkoinen v\u00e4ri, magneettikuitu, magneetit (13 kpl\/ranneke, 100\u20131200 gaussia). Koko: 130&#215;170 mm. Normaalipaino: 0,04 kg.<\/span><\/li>\n<\/ul>\n<\/li>\n<\/ul>\n<p><span style=\"font-size: small;\"><b>Magnetismin perusominaisuudet ovat seuraavia: <\/b><\/span><\/p>\n<ul>\n<li style=\"list-style-type: none;\">\n<ul>\n<li><span style=\"font-size: small; color: #555555;\">Syvent\u00e4\u00e4 meridiaaneja, parantaa isoa ja pient\u00e4 verenkiertoa. Lievitt\u00e4\u00e4 hermos\u00e4rky\u00e4. V\u00e4hent\u00e4\u00e4 tulehdusta, lievitt\u00e4\u00e4 turvotusta ja kipua. Puhdistaa toksiineista (kuona-aineista). Parantaa immuniteettia. <\/span>S\u00e4\u00e4telee verenpainetta ja verilipidi\u00e4, sopeuttaa umpierityst\u00e4. Ominaisuudet ja toiminta (k\u00e4ytt\u00f6tarkoitus): Magneettihoito v\u00e4hent\u00e4\u00e4 kokonaisvaltaista painetta kehoon. Vapauttaa uupumuksesta ja v\u00e4symyksest\u00e4 sek\u00e4 lievitt\u00e4\u00e4 kipua. V\u00e4hent\u00e4\u00e4 yleist\u00e4 tulehdusta. Pehmitt\u00e4\u00e4 suonia ja parantaa verenkiertoa. Erityinen tuki nivelille, suojaa niit\u00e4 vammoilta. Joidenkin nivelsairauksien ehk\u00e4isy. Mukava k\u00e4ytt\u00e4\u00e4 sek\u00e4 t\u00f6iss\u00e4 ett\u00e4 vapaa-aikana. Pest\u00e4viss\u00e4 ja kest\u00e4v\u00e4.<\/li>\n<\/ul>\n<\/li>\n<\/ul>\n<p><span style=\"font-size: small;\"><b>Pesutavat: <\/b><\/span><span style=\"font-size: small;\">Hienopesu alle 30 asteen vedell\u00e4. Kemiallinen pesu ei sovellu. Valkaisuainetta tai muita puhdistuskemikaaleja ei saa k\u00e4ytt\u00e4\u00e4. <\/span><\/p>\n","protected":false},"excerpt":{"rendered":"<p>Tuotteen yksityiskohdat: Turmaliini ja magneettikuitu sek\u00e4 elastaani. Harmaanvalkoinen v\u00e4ri, magneettikuitu, magneetit (13 kpl\/ranneke, 100\u20131200 gaussia). Koko: 130&#215;170 mm. Normaalipaino: 0,04 kg. Magnetismin perusominaisuudet ovat seuraavia: Syvent\u00e4\u00e4 meridiaaneja, parantaa isoa ja pient\u00e4 verenkiertoa. Lievitt\u00e4\u00e4 hermos\u00e4rky\u00e4. V\u00e4hent\u00e4\u00e4 tulehdusta, lievitt\u00e4\u00e4 turvotusta ja kipua. Puhdistaa toksiineista (kuona-aineista). Parantaa immuniteettia. S\u00e4\u00e4telee verenpainetta ja verilipidi\u00e4, sopeuttaa umpierityst\u00e4. Ominaisuudet ja toiminta (k\u00e4ytt\u00f6tarkoitus): [&#8230;]\n","protected":false},"featured_media":865,"template":"","meta":[],"product_brand":[],"product_cat":[666],"product_tag":[],"class_list":{"0":"post-1798","1":"product","2":"type-product","3":"status-publish","4":"has-post-thumbnail","6":"product_cat-varia-fi","7":"pa_kaal-004-g","8":"pa_kate-harmaanvalkoinen","9":"pa_laius-170mm-fi","10":"pa_pikkus-130mm-fi","11":"pa_temperatuur-30-c-fi","13":"first","14":"instock","15":"taxable","16":"shipping-taxable","17":"purchasable","18":"product-type-simple"},"yoast_head":"<!-- This site is optimized with the Yoast SEO plugin v27.4 - https:\/\/yoast.com\/product\/yoast-seo-wordpress\/ -->\n<title>Ranneke-L130mm-W170mm - EstMagnet O&Uuml;<\/title>\n<meta name=\"robots\" content=\"index, follow, max-snippet:-1, max-image-preview:large, max-video-preview:-1\" \/>\n<link rel=\"canonical\" href=\"https:\/\/estmagnet.ee\/fi\/tuote\/ranneke-l130mm-w170mm\/\" \/>\n<meta property=\"og:locale\" content=\"fi_FI\" \/>\n<meta property=\"og:type\" content=\"article\" \/>\n<meta property=\"og:title\" content=\"Ranneke-L130mm-W170mm - EstMagnet O&Uuml;\" \/>\n<meta property=\"og:description\" content=\"Tuotteen yksityiskohdat: Turmaliini ja magneettikuitu sek\u00e4 elastaani. Harmaanvalkoinen v\u00e4ri, magneettikuitu, magneetit (13 kpl\/ranneke, 100\u20131200 gaussia). Koko: 130&#215;170 mm. Normaalipaino: 0,04 kg. Magnetismin perusominaisuudet ovat seuraavia: Syvent\u00e4\u00e4 meridiaaneja, parantaa isoa ja pient\u00e4 verenkiertoa. Lievitt\u00e4\u00e4 hermos\u00e4rky\u00e4. V\u00e4hent\u00e4\u00e4 tulehdusta, lievitt\u00e4\u00e4 turvotusta ja kipua. Puhdistaa toksiineista (kuona-aineista). Parantaa immuniteettia. S\u00e4\u00e4telee verenpainetta ja verilipidi\u00e4, sopeuttaa umpierityst\u00e4. Ominaisuudet ja toiminta (k\u00e4ytt\u00f6tarkoitus): [...]\" \/>\n<meta property=\"og:url\" content=\"https:\/\/estmagnet.ee\/fi\/tuote\/ranneke-l130mm-w170mm\/\" \/>\n<meta property=\"og:site_name\" content=\"EstMagnet O&Uuml;\" \/>\n<meta property=\"og:image\" content=\"https:\/\/estmagnet.ee\/wp-content\/uploads\/2020\/10\/randmeside_2-scaled.jpg\" \/>\n\t<meta property=\"og:image:width\" content=\"2560\" \/>\n\t<meta property=\"og:image:height\" content=\"1536\" \/>\n\t<meta property=\"og:image:type\" content=\"image\/jpeg\" \/>\n<meta name=\"twitter:card\" content=\"summary_large_image\" \/>\n<meta name=\"twitter:label1\" content=\"Arvioitu lukuaika\" \/>\n\t<meta name=\"twitter:data1\" content=\"1 minuutti\" \/>\n<script type=\"application\/ld+json\" class=\"yoast-schema-graph\">{\"@context\":\"https:\\\/\\\/schema.org\",\"@graph\":[{\"@type\":\"WebPage\",\"@id\":\"https:\\\/\\\/estmagnet.ee\\\/fi\\\/tuote\\\/ranneke-l130mm-w170mm\\\/\",\"url\":\"https:\\\/\\\/estmagnet.ee\\\/fi\\\/tuote\\\/ranneke-l130mm-w170mm\\\/\",\"name\":\"Ranneke-L130mm-W170mm - EstMagnet O&Uuml;\",\"isPartOf\":{\"@id\":\"https:\\\/\\\/estmagnet.ee\\\/fi\\\/#website\"},\"primaryImageOfPage\":{\"@id\":\"https:\\\/\\\/estmagnet.ee\\\/fi\\\/tuote\\\/ranneke-l130mm-w170mm\\\/#primaryimage\"},\"image\":{\"@id\":\"https:\\\/\\\/estmagnet.ee\\\/fi\\\/tuote\\\/ranneke-l130mm-w170mm\\\/#primaryimage\"},\"thumbnailUrl\":\"https:\\\/\\\/estmagnet.ee\\\/wp-content\\\/uploads\\\/2020\\\/10\\\/randmeside_2-scaled.jpg\",\"datePublished\":\"2020-10-02T21:05:40+00:00\",\"breadcrumb\":{\"@id\":\"https:\\\/\\\/estmagnet.ee\\\/fi\\\/tuote\\\/ranneke-l130mm-w170mm\\\/#breadcrumb\"},\"inLanguage\":\"fi\",\"potentialAction\":[{\"@type\":\"ReadAction\",\"target\":[\"https:\\\/\\\/estmagnet.ee\\\/fi\\\/tuote\\\/ranneke-l130mm-w170mm\\\/\"]}]},{\"@type\":\"ImageObject\",\"inLanguage\":\"fi\",\"@id\":\"https:\\\/\\\/estmagnet.ee\\\/fi\\\/tuote\\\/ranneke-l130mm-w170mm\\\/#primaryimage\",\"url\":\"https:\\\/\\\/estmagnet.ee\\\/wp-content\\\/uploads\\\/2020\\\/10\\\/randmeside_2-scaled.jpg\",\"contentUrl\":\"https:\\\/\\\/estmagnet.ee\\\/wp-content\\\/uploads\\\/2020\\\/10\\\/randmeside_2-scaled.jpg\",\"width\":2560,\"height\":1536},{\"@type\":\"BreadcrumbList\",\"@id\":\"https:\\\/\\\/estmagnet.ee\\\/fi\\\/tuote\\\/ranneke-l130mm-w170mm\\\/#breadcrumb\",\"itemListElement\":[{\"@type\":\"ListItem\",\"position\":1,\"name\":\"Home\",\"item\":\"https:\\\/\\\/estmagnet.ee\\\/fi\\\/\"},{\"@type\":\"ListItem\",\"position\":2,\"name\":\"Tuotteet\",\"item\":\"https:\\\/\\\/estmagnet.ee\\\/fi\\\/tuotteet\\\/\"},{\"@type\":\"ListItem\",\"position\":3,\"name\":\"Ranneke-L130mm-W170mm\"}]},{\"@type\":\"WebSite\",\"@id\":\"https:\\\/\\\/estmagnet.ee\\\/fi\\\/#website\",\"url\":\"https:\\\/\\\/estmagnet.ee\\\/fi\\\/\",\"name\":\"EstMagnet O&Uuml;\",\"description\":\"P&uuml;simagnetite m&uuml;&uuml;k\",\"publisher\":{\"@id\":\"https:\\\/\\\/estmagnet.ee\\\/fi\\\/#organization\"},\"potentialAction\":[{\"@type\":\"SearchAction\",\"target\":{\"@type\":\"EntryPoint\",\"urlTemplate\":\"https:\\\/\\\/estmagnet.ee\\\/fi\\\/?s={search_term_string}\"},\"query-input\":{\"@type\":\"PropertyValueSpecification\",\"valueRequired\":true,\"valueName\":\"search_term_string\"}}],\"inLanguage\":\"fi\"},{\"@type\":\"Organization\",\"@id\":\"https:\\\/\\\/estmagnet.ee\\\/fi\\\/#organization\",\"name\":\"Estmagnet\",\"url\":\"https:\\\/\\\/estmagnet.ee\\\/fi\\\/\",\"logo\":{\"@type\":\"ImageObject\",\"inLanguage\":\"fi\",\"@id\":\"https:\\\/\\\/estmagnet.ee\\\/fi\\\/#\\\/schema\\\/logo\\\/image\\\/\",\"url\":\"https:\\\/\\\/estmagnet.ee\\\/wp-content\\\/uploads\\\/2020\\\/08\\\/estmagnetlogo-1.svg\",\"contentUrl\":\"https:\\\/\\\/estmagnet.ee\\\/wp-content\\\/uploads\\\/2020\\\/08\\\/estmagnetlogo-1.svg\",\"width\":\"1400\",\"height\":\"800\",\"caption\":\"Estmagnet\"},\"image\":{\"@id\":\"https:\\\/\\\/estmagnet.ee\\\/fi\\\/#\\\/schema\\\/logo\\\/image\\\/\"}}]}<\/script>\n<!-- \/ Yoast SEO plugin. -->","yoast_head_json":{"title":"Ranneke-L130mm-W170mm - EstMagnet O&Uuml;","robots":{"index":"index","follow":"follow","max-snippet":"max-snippet:-1","max-image-preview":"max-image-preview:large","max-video-preview":"max-video-preview:-1"},"canonical":"https:\/\/estmagnet.ee\/fi\/tuote\/ranneke-l130mm-w170mm\/","og_locale":"fi_FI","og_type":"article","og_title":"Ranneke-L130mm-W170mm - EstMagnet O&Uuml;","og_description":"Tuotteen yksityiskohdat: Turmaliini ja magneettikuitu sek\u00e4 elastaani. Harmaanvalkoinen v\u00e4ri, magneettikuitu, magneetit (13 kpl\/ranneke, 100\u20131200 gaussia). Koko: 130&#215;170 mm. Normaalipaino: 0,04 kg. Magnetismin perusominaisuudet ovat seuraavia: Syvent\u00e4\u00e4 meridiaaneja, parantaa isoa ja pient\u00e4 verenkiertoa. Lievitt\u00e4\u00e4 hermos\u00e4rky\u00e4. V\u00e4hent\u00e4\u00e4 tulehdusta, lievitt\u00e4\u00e4 turvotusta ja kipua. Puhdistaa toksiineista (kuona-aineista). Parantaa immuniteettia. S\u00e4\u00e4telee verenpainetta ja verilipidi\u00e4, sopeuttaa umpierityst\u00e4. Ominaisuudet ja toiminta (k\u00e4ytt\u00f6tarkoitus): [...]","og_url":"https:\/\/estmagnet.ee\/fi\/tuote\/ranneke-l130mm-w170mm\/","og_site_name":"EstMagnet O&Uuml;","og_image":[{"width":2560,"height":1536,"url":"https:\/\/estmagnet.ee\/wp-content\/uploads\/2020\/10\/randmeside_2-scaled.jpg","type":"image\/jpeg"}],"twitter_card":"summary_large_image","twitter_misc":{"Arvioitu lukuaika":"1 minuutti"},"schema":{"@context":"https:\/\/schema.org","@graph":[{"@type":"WebPage","@id":"https:\/\/estmagnet.ee\/fi\/tuote\/ranneke-l130mm-w170mm\/","url":"https:\/\/estmagnet.ee\/fi\/tuote\/ranneke-l130mm-w170mm\/","name":"Ranneke-L130mm-W170mm - EstMagnet O&Uuml;","isPartOf":{"@id":"https:\/\/estmagnet.ee\/fi\/#website"},"primaryImageOfPage":{"@id":"https:\/\/estmagnet.ee\/fi\/tuote\/ranneke-l130mm-w170mm\/#primaryimage"},"image":{"@id":"https:\/\/estmagnet.ee\/fi\/tuote\/ranneke-l130mm-w170mm\/#primaryimage"},"thumbnailUrl":"https:\/\/estmagnet.ee\/wp-content\/uploads\/2020\/10\/randmeside_2-scaled.jpg","datePublished":"2020-10-02T21:05:40+00:00","breadcrumb":{"@id":"https:\/\/estmagnet.ee\/fi\/tuote\/ranneke-l130mm-w170mm\/#breadcrumb"},"inLanguage":"fi","potentialAction":[{"@type":"ReadAction","target":["https:\/\/estmagnet.ee\/fi\/tuote\/ranneke-l130mm-w170mm\/"]}]},{"@type":"ImageObject","inLanguage":"fi","@id":"https:\/\/estmagnet.ee\/fi\/tuote\/ranneke-l130mm-w170mm\/#primaryimage","url":"https:\/\/estmagnet.ee\/wp-content\/uploads\/2020\/10\/randmeside_2-scaled.jpg","contentUrl":"https:\/\/estmagnet.ee\/wp-content\/uploads\/2020\/10\/randmeside_2-scaled.jpg","width":2560,"height":1536},{"@type":"BreadcrumbList","@id":"https:\/\/estmagnet.ee\/fi\/tuote\/ranneke-l130mm-w170mm\/#breadcrumb","itemListElement":[{"@type":"ListItem","position":1,"name":"Home","item":"https:\/\/estmagnet.ee\/fi\/"},{"@type":"ListItem","position":2,"name":"Tuotteet","item":"https:\/\/estmagnet.ee\/fi\/tuotteet\/"},{"@type":"ListItem","position":3,"name":"Ranneke-L130mm-W170mm"}]},{"@type":"WebSite","@id":"https:\/\/estmagnet.ee\/fi\/#website","url":"https:\/\/estmagnet.ee\/fi\/","name":"EstMagnet O&Uuml;","description":"P&uuml;simagnetite m&uuml;&uuml;k","publisher":{"@id":"https:\/\/estmagnet.ee\/fi\/#organization"},"potentialAction":[{"@type":"SearchAction","target":{"@type":"EntryPoint","urlTemplate":"https:\/\/estmagnet.ee\/fi\/?s={search_term_string}"},"query-input":{"@type":"PropertyValueSpecification","valueRequired":true,"valueName":"search_term_string"}}],"inLanguage":"fi"},{"@type":"Organization","@id":"https:\/\/estmagnet.ee\/fi\/#organization","name":"Estmagnet","url":"https:\/\/estmagnet.ee\/fi\/","logo":{"@type":"ImageObject","inLanguage":"fi","@id":"https:\/\/estmagnet.ee\/fi\/#\/schema\/logo\/image\/","url":"https:\/\/estmagnet.ee\/wp-content\/uploads\/2020\/08\/estmagnetlogo-1.svg","contentUrl":"https:\/\/estmagnet.ee\/wp-content\/uploads\/2020\/08\/estmagnetlogo-1.svg","width":"1400","height":"800","caption":"Estmagnet"},"image":{"@id":"https:\/\/estmagnet.ee\/fi\/#\/schema\/logo\/image\/"}}]}},"_links":{"self":[{"href":"https:\/\/estmagnet.ee\/fi\/wp-json\/wp\/v2\/product\/1798","targetHints":{"allow":["GET"]}}],"collection":[{"href":"https:\/\/estmagnet.ee\/fi\/wp-json\/wp\/v2\/product"}],"about":[{"href":"https:\/\/estmagnet.ee\/fi\/wp-json\/wp\/v2\/types\/product"}],"wp:featuredmedia":[{"embeddable":true,"href":"https:\/\/estmagnet.ee\/fi\/wp-json\/wp\/v2\/media\/865"}],"wp:attachment":[{"href":"https:\/\/estmagnet.ee\/fi\/wp-json\/wp\/v2\/media?parent=1798"}],"wp:term":[{"taxonomy":"product_brand","embeddable":true,"href":"https:\/\/estmagnet.ee\/fi\/wp-json\/wp\/v2\/product_brand?post=1798"},{"taxonomy":"product_cat","embeddable":true,"href":"https:\/\/estmagnet.ee\/fi\/wp-json\/wp\/v2\/product_cat?post=1798"},{"taxonomy":"product_tag","embeddable":true,"href":"https:\/\/estmagnet.ee\/fi\/wp-json\/wp\/v2\/product_tag?post=1798"}],"curies":[{"name":"wp","href":"https:\/\/api.w.org\/{rel}","templated":true}]}}