{"id":1796,"date":"2020-10-02T21:05:40","date_gmt":"2020-10-02T18:05:40","guid":{"rendered":"https:\/\/estmagnet.ee\/toode\/taipuva-magneetti-w620mm-h09mm\/"},"modified":"2020-10-02T21:05:40","modified_gmt":"2020-10-02T18:05:40","slug":"taipuva-magneetti-w620mm-h09mm","status":"publish","type":"product","link":"https:\/\/estmagnet.ee\/fi\/tuote\/taipuva-magneetti-w620mm-h09mm\/","title":{"rendered":"Taipuva magneetti-W620mm-H0,9mm"},"content":{"rendered":"<p>Vedenkest\u00e4v\u00e4, tulostettavissa. Rullassa 30 m, t\u00e4m\u00e4 hinta on metrihinta.<\/p>\n","protected":false},"excerpt":{"rendered":"<p>Vedenkest\u00e4v\u00e4, tulostettavissa.<\/p>\n","protected":false},"featured_media":652,"template":"","meta":[],"product_brand":[],"product_cat":[672],"product_tag":[],"class_list":{"0":"post-1796","1":"product","2":"type-product","3":"status-publish","4":"has-post-thumbnail","6":"product_cat-taipuva-magneetti","7":"pa_kaal-rullan-paino-628-kg","8":"pa_kate-pvc-fi","9":"pa_korgus-09mm-fi","10":"pa_laius-620mm-fi","11":"pa_temperatuur-80-fi","13":"first","14":"instock","15":"taxable","16":"shipping-taxable","17":"purchasable","18":"product-type-simple"},"yoast_head":"<!-- This site is optimized with the Yoast SEO plugin v27.4 - https:\/\/yoast.com\/product\/yoast-seo-wordpress\/ -->\n<title>Taipuva magneetti-W620mm-H0,9mm - EstMagnet O&Uuml;<\/title>\n<meta name=\"robots\" content=\"index, follow, max-snippet:-1, max-image-preview:large, max-video-preview:-1\" \/>\n<link rel=\"canonical\" href=\"https:\/\/estmagnet.ee\/fi\/tuote\/taipuva-magneetti-w620mm-h09mm\/\" \/>\n<meta property=\"og:locale\" content=\"fi_FI\" \/>\n<meta property=\"og:type\" content=\"article\" \/>\n<meta property=\"og:title\" content=\"Taipuva magneetti-W620mm-H0,9mm - EstMagnet O&Uuml;\" \/>\n<meta property=\"og:description\" content=\"Vedenkest\u00e4v\u00e4, tulostettavissa.\" \/>\n<meta property=\"og:url\" content=\"https:\/\/estmagnet.ee\/fi\/tuote\/taipuva-magneetti-w620mm-h09mm\/\" \/>\n<meta property=\"og:site_name\" content=\"EstMagnet O&Uuml;\" \/>\n<meta property=\"og:image\" content=\"https:\/\/estmagnet.ee\/wp-content\/uploads\/2020\/09\/painduv_1-scaled.jpg\" \/>\n\t<meta property=\"og:image:width\" content=\"2560\" \/>\n\t<meta property=\"og:image:height\" content=\"1536\" \/>\n\t<meta property=\"og:image:type\" content=\"image\/jpeg\" \/>\n<meta name=\"twitter:card\" content=\"summary_large_image\" \/>\n<script type=\"application\/ld+json\" class=\"yoast-schema-graph\">{\"@context\":\"https:\\\/\\\/schema.org\",\"@graph\":[{\"@type\":\"WebPage\",\"@id\":\"https:\\\/\\\/estmagnet.ee\\\/fi\\\/tuote\\\/taipuva-magneetti-w620mm-h09mm\\\/\",\"url\":\"https:\\\/\\\/estmagnet.ee\\\/fi\\\/tuote\\\/taipuva-magneetti-w620mm-h09mm\\\/\",\"name\":\"Taipuva magneetti-W620mm-H0,9mm - EstMagnet O&Uuml;\",\"isPartOf\":{\"@id\":\"https:\\\/\\\/estmagnet.ee\\\/fi\\\/#website\"},\"primaryImageOfPage\":{\"@id\":\"https:\\\/\\\/estmagnet.ee\\\/fi\\\/tuote\\\/taipuva-magneetti-w620mm-h09mm\\\/#primaryimage\"},\"image\":{\"@id\":\"https:\\\/\\\/estmagnet.ee\\\/fi\\\/tuote\\\/taipuva-magneetti-w620mm-h09mm\\\/#primaryimage\"},\"thumbnailUrl\":\"https:\\\/\\\/estmagnet.ee\\\/wp-content\\\/uploads\\\/2020\\\/09\\\/painduv_1-scaled.jpg\",\"datePublished\":\"2020-10-02T18:05:40+00:00\",\"breadcrumb\":{\"@id\":\"https:\\\/\\\/estmagnet.ee\\\/fi\\\/tuote\\\/taipuva-magneetti-w620mm-h09mm\\\/#breadcrumb\"},\"inLanguage\":\"fi\",\"potentialAction\":[{\"@type\":\"ReadAction\",\"target\":[\"https:\\\/\\\/estmagnet.ee\\\/fi\\\/tuote\\\/taipuva-magneetti-w620mm-h09mm\\\/\"]}]},{\"@type\":\"ImageObject\",\"inLanguage\":\"fi\",\"@id\":\"https:\\\/\\\/estmagnet.ee\\\/fi\\\/tuote\\\/taipuva-magneetti-w620mm-h09mm\\\/#primaryimage\",\"url\":\"https:\\\/\\\/estmagnet.ee\\\/wp-content\\\/uploads\\\/2020\\\/09\\\/painduv_1-scaled.jpg\",\"contentUrl\":\"https:\\\/\\\/estmagnet.ee\\\/wp-content\\\/uploads\\\/2020\\\/09\\\/painduv_1-scaled.jpg\",\"width\":2560,\"height\":1536},{\"@type\":\"BreadcrumbList\",\"@id\":\"https:\\\/\\\/estmagnet.ee\\\/fi\\\/tuote\\\/taipuva-magneetti-w620mm-h09mm\\\/#breadcrumb\",\"itemListElement\":[{\"@type\":\"ListItem\",\"position\":1,\"name\":\"Home\",\"item\":\"https:\\\/\\\/estmagnet.ee\\\/fi\\\/\"},{\"@type\":\"ListItem\",\"position\":2,\"name\":\"Tuotteet\",\"item\":\"https:\\\/\\\/estmagnet.ee\\\/fi\\\/tuotteet\\\/\"},{\"@type\":\"ListItem\",\"position\":3,\"name\":\"Taipuva magneetti-W620mm-H0,9mm\"}]},{\"@type\":\"WebSite\",\"@id\":\"https:\\\/\\\/estmagnet.ee\\\/fi\\\/#website\",\"url\":\"https:\\\/\\\/estmagnet.ee\\\/fi\\\/\",\"name\":\"EstMagnet O&Uuml;\",\"description\":\"P&uuml;simagnetite m&uuml;&uuml;k\",\"publisher\":{\"@id\":\"https:\\\/\\\/estmagnet.ee\\\/fi\\\/#organization\"},\"potentialAction\":[{\"@type\":\"SearchAction\",\"target\":{\"@type\":\"EntryPoint\",\"urlTemplate\":\"https:\\\/\\\/estmagnet.ee\\\/fi\\\/?s={search_term_string}\"},\"query-input\":{\"@type\":\"PropertyValueSpecification\",\"valueRequired\":true,\"valueName\":\"search_term_string\"}}],\"inLanguage\":\"fi\"},{\"@type\":\"Organization\",\"@id\":\"https:\\\/\\\/estmagnet.ee\\\/fi\\\/#organization\",\"name\":\"Estmagnet\",\"url\":\"https:\\\/\\\/estmagnet.ee\\\/fi\\\/\",\"logo\":{\"@type\":\"ImageObject\",\"inLanguage\":\"fi\",\"@id\":\"https:\\\/\\\/estmagnet.ee\\\/fi\\\/#\\\/schema\\\/logo\\\/image\\\/\",\"url\":\"https:\\\/\\\/estmagnet.ee\\\/wp-content\\\/uploads\\\/2020\\\/08\\\/estmagnetlogo-1.svg\",\"contentUrl\":\"https:\\\/\\\/estmagnet.ee\\\/wp-content\\\/uploads\\\/2020\\\/08\\\/estmagnetlogo-1.svg\",\"width\":\"1400\",\"height\":\"800\",\"caption\":\"Estmagnet\"},\"image\":{\"@id\":\"https:\\\/\\\/estmagnet.ee\\\/fi\\\/#\\\/schema\\\/logo\\\/image\\\/\"}}]}<\/script>\n<!-- \/ Yoast SEO plugin. -->","yoast_head_json":{"title":"Taipuva magneetti-W620mm-H0,9mm - EstMagnet O&Uuml;","robots":{"index":"index","follow":"follow","max-snippet":"max-snippet:-1","max-image-preview":"max-image-preview:large","max-video-preview":"max-video-preview:-1"},"canonical":"https:\/\/estmagnet.ee\/fi\/tuote\/taipuva-magneetti-w620mm-h09mm\/","og_locale":"fi_FI","og_type":"article","og_title":"Taipuva magneetti-W620mm-H0,9mm - EstMagnet O&Uuml;","og_description":"Vedenkest\u00e4v\u00e4, tulostettavissa.","og_url":"https:\/\/estmagnet.ee\/fi\/tuote\/taipuva-magneetti-w620mm-h09mm\/","og_site_name":"EstMagnet O&Uuml;","og_image":[{"width":2560,"height":1536,"url":"https:\/\/estmagnet.ee\/wp-content\/uploads\/2020\/09\/painduv_1-scaled.jpg","type":"image\/jpeg"}],"twitter_card":"summary_large_image","schema":{"@context":"https:\/\/schema.org","@graph":[{"@type":"WebPage","@id":"https:\/\/estmagnet.ee\/fi\/tuote\/taipuva-magneetti-w620mm-h09mm\/","url":"https:\/\/estmagnet.ee\/fi\/tuote\/taipuva-magneetti-w620mm-h09mm\/","name":"Taipuva magneetti-W620mm-H0,9mm - EstMagnet O&Uuml;","isPartOf":{"@id":"https:\/\/estmagnet.ee\/fi\/#website"},"primaryImageOfPage":{"@id":"https:\/\/estmagnet.ee\/fi\/tuote\/taipuva-magneetti-w620mm-h09mm\/#primaryimage"},"image":{"@id":"https:\/\/estmagnet.ee\/fi\/tuote\/taipuva-magneetti-w620mm-h09mm\/#primaryimage"},"thumbnailUrl":"https:\/\/estmagnet.ee\/wp-content\/uploads\/2020\/09\/painduv_1-scaled.jpg","datePublished":"2020-10-02T18:05:40+00:00","breadcrumb":{"@id":"https:\/\/estmagnet.ee\/fi\/tuote\/taipuva-magneetti-w620mm-h09mm\/#breadcrumb"},"inLanguage":"fi","potentialAction":[{"@type":"ReadAction","target":["https:\/\/estmagnet.ee\/fi\/tuote\/taipuva-magneetti-w620mm-h09mm\/"]}]},{"@type":"ImageObject","inLanguage":"fi","@id":"https:\/\/estmagnet.ee\/fi\/tuote\/taipuva-magneetti-w620mm-h09mm\/#primaryimage","url":"https:\/\/estmagnet.ee\/wp-content\/uploads\/2020\/09\/painduv_1-scaled.jpg","contentUrl":"https:\/\/estmagnet.ee\/wp-content\/uploads\/2020\/09\/painduv_1-scaled.jpg","width":2560,"height":1536},{"@type":"BreadcrumbList","@id":"https:\/\/estmagnet.ee\/fi\/tuote\/taipuva-magneetti-w620mm-h09mm\/#breadcrumb","itemListElement":[{"@type":"ListItem","position":1,"name":"Home","item":"https:\/\/estmagnet.ee\/fi\/"},{"@type":"ListItem","position":2,"name":"Tuotteet","item":"https:\/\/estmagnet.ee\/fi\/tuotteet\/"},{"@type":"ListItem","position":3,"name":"Taipuva magneetti-W620mm-H0,9mm"}]},{"@type":"WebSite","@id":"https:\/\/estmagnet.ee\/fi\/#website","url":"https:\/\/estmagnet.ee\/fi\/","name":"EstMagnet O&Uuml;","description":"P&uuml;simagnetite m&uuml;&uuml;k","publisher":{"@id":"https:\/\/estmagnet.ee\/fi\/#organization"},"potentialAction":[{"@type":"SearchAction","target":{"@type":"EntryPoint","urlTemplate":"https:\/\/estmagnet.ee\/fi\/?s={search_term_string}"},"query-input":{"@type":"PropertyValueSpecification","valueRequired":true,"valueName":"search_term_string"}}],"inLanguage":"fi"},{"@type":"Organization","@id":"https:\/\/estmagnet.ee\/fi\/#organization","name":"Estmagnet","url":"https:\/\/estmagnet.ee\/fi\/","logo":{"@type":"ImageObject","inLanguage":"fi","@id":"https:\/\/estmagnet.ee\/fi\/#\/schema\/logo\/image\/","url":"https:\/\/estmagnet.ee\/wp-content\/uploads\/2020\/08\/estmagnetlogo-1.svg","contentUrl":"https:\/\/estmagnet.ee\/wp-content\/uploads\/2020\/08\/estmagnetlogo-1.svg","width":"1400","height":"800","caption":"Estmagnet"},"image":{"@id":"https:\/\/estmagnet.ee\/fi\/#\/schema\/logo\/image\/"}}]}},"_links":{"self":[{"href":"https:\/\/estmagnet.ee\/fi\/wp-json\/wp\/v2\/product\/1796","targetHints":{"allow":["GET"]}}],"collection":[{"href":"https:\/\/estmagnet.ee\/fi\/wp-json\/wp\/v2\/product"}],"about":[{"href":"https:\/\/estmagnet.ee\/fi\/wp-json\/wp\/v2\/types\/product"}],"wp:featuredmedia":[{"embeddable":true,"href":"https:\/\/estmagnet.ee\/fi\/wp-json\/wp\/v2\/media\/652"}],"wp:attachment":[{"href":"https:\/\/estmagnet.ee\/fi\/wp-json\/wp\/v2\/media?parent=1796"}],"wp:term":[{"taxonomy":"product_brand","embeddable":true,"href":"https:\/\/estmagnet.ee\/fi\/wp-json\/wp\/v2\/product_brand?post=1796"},{"taxonomy":"product_cat","embeddable":true,"href":"https:\/\/estmagnet.ee\/fi\/wp-json\/wp\/v2\/product_cat?post=1796"},{"taxonomy":"product_tag","embeddable":true,"href":"https:\/\/estmagnet.ee\/fi\/wp-json\/wp\/v2\/product_tag?post=1796"}],"curies":[{"name":"wp","href":"https:\/\/api.w.org\/{rel}","templated":true}]}}