{"id":1706,"date":"2020-08-13T10:34:08","date_gmt":"2020-08-13T07:34:08","guid":{"rendered":"https:\/\/estmagnet.ee\/myyntiehdot\/"},"modified":"2021-05-19T09:05:37","modified_gmt":"2021-05-19T06:05:37","slug":"myyntiehdot","status":"publish","type":"page","link":"https:\/\/estmagnet.ee\/fi\/myyntiehdot\/","title":{"rendered":"Myyntiehdot"},"content":{"rendered":"\n<h2 class=\"wp-block-heading\">Myyntiehdot<\/h2>\n\n<p>EstMagnet.ee-verkkokaupan (j\u00e4ljemp\u00e4n\u00e4 \u201dverkkokauppa\u201d) omistaa EstMagnet O\u00dc (yritystunnus 12294969), joka toimii osoitteessa S\u00f5pruse pst 20-7, Tallinna.<\/p>\n\n<p><strong>Myyntisopimuksen voimassaolo, tavara- ja hintatiedot<\/strong><\/p>\n\n<ul class=\"wp-block-list\"><li>Myyntisopimukset koskevat tuotteiden ostoa verkkokaupasta.<\/li><li>Verkkokaupassa myyt\u00e4vien tuotteiden hinnat on merkitty kunkin tuotteen yhteyteen.<\/li><li>Hinnan lis\u00e4ksi ostajalta veloitetaan toimituskulut.<\/li><li>Toimituskulut riippuvat ostajan osoitteesta ja toimitustavasta.<\/li><li>Toimituskulut n\u00e4kyv\u00e4t ostajalle tilauksen tekemisen yhteydess\u00e4.<\/li><li>Tuotetiedot on esitetty verkkokaupassa suoraan tuotteen yhteydess\u00e4.\u00a0<\/li><li>Kaikki verkkokaupan hinnat ovat euroina ja sis\u00e4lt\u00e4v\u00e4t arvonlis\u00e4veron.<\/li><\/ul>\n\n<p><strong>Tilaaminen\u00a0<\/strong><\/p>\n\n<ul class=\"wp-block-list\"><li>Tuotteiden tilaamiseksi tulee l\u00f6yt\u00e4\u00e4 suodatetusta valikoimasta sopiva tuote tai sopivat tuotteet ja lis\u00e4t\u00e4 se\/ne ostoskoriin. Tilauksen tekemist\u00e4 varten tulee t\u00e4ytt\u00e4\u00e4 vaaditut tietokent\u00e4t ja valita sopiva tuotteiden toimitustapa (pakettiautomaatti, l\u00e4hetti, tulen noutamaan). Sitten n\u00e4yt\u00f6ll\u00e4 n\u00e4kyy maksettava raham\u00e4\u00e4r\u00e4, joka voidaan suorittaa verkkopankin linkin kautta tai muulla maksuratkaisulla. EstMagnet O\u00dc on rekisterinpit\u00e4j\u00e4, joka l\u00e4hett\u00e4\u00e4 maksujen suorittamiseksi tarvittavat henkil\u00f6tiedot Maksekeskus AS -nimiselle henkil\u00f6tietojen k\u00e4sittelij\u00e4lle. K\u00e4ytett\u00e4viss\u00e4 olevat maksutavat:<ul><li>Virolaisten verkkopankkien linkit: Swedbank, SEB Pank, Luminor, LHV Pank, Coop Pank, Pocopay<\/li><\/ul><\/li><\/ul>\n\n<p>Huom.! Maksettuasi verkkopankin linkill\u00e4 muista painaa pankin sivulla Tagasi kaupmehe juurde (Takaisin kauppiaan luo) -painiketta.<\/p>\n\n<ul class=\"wp-block-list\"><li>Maksuja v\u00e4litt\u00e4\u00e4 Maksekeskus AS. Maksaminen tapahtuu verkkokaupan ulkopuolella turvallisessa ymp\u00e4rist\u00f6ss\u00e4 \u2013 verkkopankin linkill\u00e4 maksettaessa kyseisen pankin turvallisessa ymp\u00e4rist\u00f6ss\u00e4 ja luottokortilla maksettaessa Maksekeskus AS:n turvallisessa ymp\u00e4rist\u00f6ss\u00e4. Myyj\u00e4ll\u00e4 ei ole p\u00e4\u00e4sy\u00e4 asiakkaan pankki- ja luottokorttitietoihin. Sopimus tulee voimaan maksettavan raham\u00e4\u00e4r\u00e4n saavuttua verkkokaupan pankkitilille.<\/li><li>Jos tilattua tuotetta ei voida toimittaa tuotteen loppumisen vuoksi tai muusta syyst\u00e4, siit\u00e4 tiedotetaan ostajalle mahdollisimman pian, ja maksetut rahat (ml. toimituskulut) palautetaan viipym\u00e4tt\u00e4, kuitenkin viimeist\u00e4\u00e4n 14 p\u00e4iv\u00e4n kuluttua viestin l\u00e4hett\u00e4misest\u00e4.\u00a0<\/li><li>\u00a0Sopimus tulee voimaan maksettavan raham\u00e4\u00e4r\u00e4n saavuttua Estmagnet O\u00dc:n pankkitilille.<\/li><\/ul>\n\n<p><strong>Toimitus<\/strong><\/p>\n\n<ul class=\"wp-block-list\"><li>Tuotteita toimitetaan seuraaviin maihin: Viro, Suomi<\/li><li>Tavaran vastaanottamiseksi ostajalla ovat seuraavat vaihtoehdot: Itella-postiautomaatti, Itella-l\u00e4hettipalvelu tai itse noutaminen.<\/li><li>Tuotteen toimituskulut maksaa ostaja, ja asianmukaiset hintatiedot n\u00e4kyv\u00e4t toimitustavan yhteydess\u00e4.<\/li><li>\u00a0Viron sis\u00e4iset l\u00e4hetykset saapuvat yleens\u00e4 ostajan m\u00e4\u00e4r\u00e4\u00e4m\u00e4\u00e4n paikkaan 3\u20137 arkip\u00e4iv\u00e4n kuluessa myyntisopimuksen voimaantulosta. Viron ulkopuolelle tuotteet toimitetaan 14 vuorokauden kuluessa.<\/li><li>Poikkeustapauksissa verkkokaupalla on oikeus toimittaa tuote enint\u00e4\u00e4n 45 vuorokauden kuluessa.<\/li><\/ul>\n\n<p><strong>Peruuttamisoikeus<\/strong><\/p>\n\n<ul class=\"wp-block-list\"><li>\u00a0Saatuaan tilaamansa tuotteen ostajalla on oikeus peruuttaa verkkokaupassa tehty sopimus 14 p\u00e4iv\u00e4n kuluessa.<\/li><li>Peruuttamisoikeutta ei sovelleta, jos ostajana on oikeushenkil\u00f6.<\/li><li>\u00a014 p\u00e4iv\u00e4n peruuttamisoikeuden k\u00e4ytt\u00f6 edellytt\u00e4\u00e4, ett\u00e4 tilattua tuotetta ei k\u00e4ytet\u00e4 muulla tavalla kuin mik\u00e4 on tarpeen tuotteen olemuksen, ominaisuuksien ja toimivuuden toteamiseksi samalla tavalla kuin tuotetta saa kokeilla fyysisess\u00e4 kaupassa.\u00a0<\/li><li>Jos tuotetta on k\u00e4ytetty muuhun tarkoitukseen kuin sen olemuksen, ominaisuuksien ja toimivuuden toteamiseen, tai tuotteessa on k\u00e4yt\u00f6n tai kulumisen merkkej\u00e4, verkkokaupalla on oikeus v\u00e4hent\u00e4\u00e4 palautettavaa raham\u00e4\u00e4r\u00e4\u00e4 tuotteen arvon aleneman mukaisesti.<\/li><li>\u00a0Tuotteen palauttamiseksi tulee t\u00e4ytt\u00e4\u00e4 oston peruuttamishakemus ja l\u00e4hett\u00e4\u00e4 se s\u00e4hk\u00f6postiosoitteeseen <a href=\"mailto:magnetid@gmail.com\">magnetid@gmail.com<\/a> viimeist\u00e4\u00e4n 14 p\u00e4iv\u00e4n kuluttua tuotteen saamisesta.<\/li><li>\u00a0Tuotteen palautuskuluista vastaa ostaja, paitsi jos palautus johtuu siit\u00e4, ett\u00e4 palautettava esine poikkeaa tilatusta (on esimerkiksi v\u00e4\u00e4r\u00e4 tai viallinen).<\/li><li>\u00a0Ostajan tulee palauttaa tuote hakemuksen j\u00e4tt\u00e4mist\u00e4 seuraavien 14 p\u00e4iv\u00e4n kuluessa tai esitt\u00e4\u00e4 todistus siit\u00e4, ett\u00e4 h\u00e4n on kyseisen ajan kuluessa luovuttanut tuotteen kuljetusliikkeelle.<\/li><li>\u00a0Saatuaan palautetun tuotteen verkkokauppa palauttaa ostajalle mahdollisimman pian, kuitenkin viimeist\u00e4\u00e4n 14 p\u00e4iv\u00e4n kuluttua peruuttamishakemuksen saapumisesta, kaikki ostajalta sopimuksen mukaan saadut maksut.<\/li><li>Verkkokauppa voi kielt\u00e4yty\u00e4 palauttamasta rahoja, kunnes se on saanut takaisin sopimuksen kohteena olevan esineen tai kunnes ostaja on n\u00e4ytt\u00e4nyt toteen, ett\u00e4 h\u00e4n on l\u00e4hett\u00e4nyt esineen takaisin riippuen siit\u00e4, kumpi tapahtuu aikaisemmin.<\/li><li>\u00a0Jos ostaja on valinnut selv\u00e4sanaisesti muun kuin verkkokaupan ehdottaman halvimman normaalin toimitustavan, verkkokaupan ei tarvitse korvata kuluttajalle kulua, joka ylitt\u00e4\u00e4 normaaliin toimitustapaan liittyv\u00e4n kulun.<\/li><li>\u00a0Verkkokaupalla on oikeus peruuttaa kauppa ja vaatia ostajalta tuotteen palauttamista, jos tuotteen hinta on verkkokaupassa vahingossa ilmoitettu huomattavasti markkinahintaa pienemp\u00e4n\u00e4.<\/li><\/ul>\n\n<p><strong>\u00a0Reklamointioikeus<\/strong><\/p>\n\n<ul class=\"wp-block-list\"><li>Verkkokauppa vastaa myym\u00e4ns\u00e4 tuotteen sellaisesta ep\u00e4asianmukaisuudesta tai puutteesta, joka oli olemassa jo tuotteen luovutushetkell\u00e4 ja joka ilmenee enint\u00e4\u00e4n kahden vuoden kuluessa tuotteen luovutuksesta ostajalle. Ensimm\u00e4isten kuuden kuukauden aikana luovutuksesta oletetaan, ett\u00e4 puute oli olemassa jo tuotteen luovuttamishetkell\u00e4. T\u00e4m\u00e4n oletuksen kumoaminen on verkkokaupan velvollisuus.<\/li><li>Puutteen ilmetess\u00e4 ostajalla on oikeus ottaa kahden kuukauden kuluessa yhteytt\u00e4 verkkokauppaan l\u00e4hett\u00e4m\u00e4ll\u00e4 s\u00e4hk\u00f6postia osoitteeseen <a href=\"mailto:magnetid@gmail.com\">magnetid@gmail.com<\/a> tai soittamalla numeroon <a href=\"tel:+3725165932\">+3725165932<\/a>.<\/li><li>\u00a0Verkkokauppa ei vastaa puutteista, jotka ovat syntyneet sen j\u00e4lkeen, kun tuote on luovutettu ostajalle.\u00a0<\/li><li>Jos verkkokaupasta ostetussa tuotteessa on puutteita, joista verkkokauppa vastaa, verkkokauppa korjaa tai vaihtaa viallisen tuotteen. Ellei tuotetta ole mahdollista korjata tai vaihtaa, verkkokauppa palauttaa ostajalle kaikki kauppaan liittyv\u00e4t maksut.<\/li><li>\u00a0Verkkokauppa vastaa kuluttajan reklamaatioon kirjallisesti tai muulla tavalla, josta j\u00e4\u00e4 kirjallinen todiste, 15 p\u00e4iv\u00e4n kuluessa.<\/li><\/ul>\n\n<p><strong>\u00a0Suoramarkkinointi ja henkil\u00f6tietojen k\u00e4sittely\u00a0<\/strong><\/p>\n\n<ul class=\"wp-block-list\"><li>Verkkokauppa k\u00e4ytt\u00e4\u00e4 ostajan ilmoittamia henkil\u00f6tietoja (nimi, puhelinnumero, osoite, s\u00e4hk\u00f6postiosoite, pankkiyhteys ym.) vain tilauksen k\u00e4sittelyyn ja tuotteiden l\u00e4hett\u00e4miseen ostajalle. Verkkokauppa luovuttaa ostajan henkil\u00f6tiedot kuljetuspalvelun tarjoajalle tuotteiden toimittamista varten.<\/li><li>Verkkokauppa l\u00e4hett\u00e4\u00e4 uutiskirjeit\u00e4 ja tarjouksia ostajan s\u00e4hk\u00f6postiosoitteeseen vain silloin, kun ostaja on antanut verkkosivuilla s\u00e4hk\u00f6postiosoitteensa ja ilmoittanut haluavansa suoramainontaa.<\/li><li>Ostaja voi milloin tahansa luopua s\u00e4hk\u00f6postitse l\u00e4hetett\u00e4vist\u00e4 tarjouksista ja uutiskirjeist\u00e4 ilmoittamalla siit\u00e4 meille s\u00e4hk\u00f6postitse tai noudattamalla tarjouksia sis\u00e4lt\u00e4v\u00e4ss\u00e4 s\u00e4hk\u00f6postiviestiss\u00e4 annettuja ohjeita.<\/li><\/ul>\n\n<p><strong>\u00a0Erimielisyyksien ratkaiseminen<\/strong><\/p>\n\n<ul class=\"wp-block-list\"><li>\u00a0Jos ostajalla on verkkokauppaa koskevia valituksia, ne tulee l\u00e4hett\u00e4\u00e4 s\u00e4hk\u00f6postiosoitteeseen <a href=\"mailto:magnetid@gmail.com\">magnetid@gmail.com<\/a> tai soittaa numeroon <a href=\"tel:+3725165932\">+3725165932<\/a>.<\/li><li>\u00a0Elleiv\u00e4t ostaja ja verkkokauppa pysty ratkaisemaan riitaa neuvotteluteitse, ostaja voi valittaa asiasta Viron kuluttajariitalautakunnalle. Menettelyihin voi tutustua ja hakemuksen voi j\u00e4tt\u00e4\u00e4 <a href=\"https:\/\/komisjon.ee\/et\/avalduse-esitamine\" target=\"_blank\" rel=\"noreferrer noopener\">t\u00e4ss\u00e4<\/a>.<\/li><li>Kuluttajariitalautakunta on p\u00e4tev\u00e4 ratkaisemaan ostajan ja verkkokaupan v\u00e4lisest\u00e4 sopimuksesta aiheutuvia riitoja. Ostajan valituksen k\u00e4sittely lautakunnassa on maksutonta.<\/li><li>\u00a0Ostaja voi ottaa yhteytt\u00e4 Euroopan kuluttajakeskukseen.<\/li><\/ul>\n","protected":false},"excerpt":{"rendered":"<p>Myyntiehdot EstMagnet.ee-verkkokaupan (j\u00e4ljemp\u00e4n\u00e4 \u201dverkkokauppa\u201d) omistaa EstMagnet O\u00dc (yritystunnus 12294969), joka toimii osoitteessa S\u00f5pruse pst 20-7, Tallinna. Myyntisopimuksen voimassaolo, tavara- ja hintatiedot Myyntisopimukset koskevat tuotteiden ostoa verkkokaupasta. Verkkokaupassa myyt\u00e4vien tuotteiden hinnat on merkitty kunkin tuotteen yhteyteen. Hinnan lis\u00e4ksi ostajalta veloitetaan toimituskulut. Toimituskulut riippuvat ostajan osoitteesta ja toimitustavasta. Toimituskulut n\u00e4kyv\u00e4t ostajalle tilauksen tekemisen yhteydess\u00e4. Tuotetiedot on esitetty [&#8230;]\n","protected":false},"author":3,"featured_media":0,"parent":0,"menu_order":0,"comment_status":"closed","ping_status":"closed","template":"","meta":{"footnotes":""},"class_list":["post-1706","page","type-page","status-publish","hentry"],"yoast_head":"<!-- This site is optimized with the Yoast SEO plugin v27.4 - https:\/\/yoast.com\/product\/yoast-seo-wordpress\/ -->\n<title>Myyntiehdot - EstMagnet O&Uuml;<\/title>\n<meta name=\"robots\" content=\"index, follow, max-snippet:-1, max-image-preview:large, max-video-preview:-1\" \/>\n<link rel=\"canonical\" href=\"https:\/\/estmagnet.ee\/fi\/myyntiehdot\/\" \/>\n<meta property=\"og:locale\" content=\"fi_FI\" \/>\n<meta property=\"og:type\" content=\"article\" \/>\n<meta property=\"og:title\" content=\"Myyntiehdot - EstMagnet O&Uuml;\" \/>\n<meta property=\"og:description\" content=\"Myyntiehdot EstMagnet.ee-verkkokaupan (j\u00e4ljemp\u00e4n\u00e4 \u201dverkkokauppa\u201d) omistaa EstMagnet O\u00dc (yritystunnus 12294969), joka toimii osoitteessa S\u00f5pruse pst 20-7, Tallinna. Myyntisopimuksen voimassaolo, tavara- ja hintatiedot Myyntisopimukset koskevat tuotteiden ostoa verkkokaupasta. Verkkokaupassa myyt\u00e4vien tuotteiden hinnat on merkitty kunkin tuotteen yhteyteen. Hinnan lis\u00e4ksi ostajalta veloitetaan toimituskulut. Toimituskulut riippuvat ostajan osoitteesta ja toimitustavasta. Toimituskulut n\u00e4kyv\u00e4t ostajalle tilauksen tekemisen yhteydess\u00e4. Tuotetiedot on esitetty [...]\" \/>\n<meta property=\"og:url\" content=\"https:\/\/estmagnet.ee\/fi\/myyntiehdot\/\" \/>\n<meta property=\"og:site_name\" content=\"EstMagnet O&Uuml;\" \/>\n<meta property=\"article:modified_time\" content=\"2021-05-19T06:05:37+00:00\" \/>\n<meta name=\"twitter:card\" content=\"summary_large_image\" \/>\n<meta name=\"twitter:label1\" content=\"Arvioitu lukuaika\" \/>\n\t<meta name=\"twitter:data1\" content=\"5 minuuttia\" \/>\n<script type=\"application\/ld+json\" class=\"yoast-schema-graph\">{\"@context\":\"https:\\\/\\\/schema.org\",\"@graph\":[{\"@type\":\"WebPage\",\"@id\":\"https:\\\/\\\/estmagnet.ee\\\/fi\\\/myyntiehdot\\\/\",\"url\":\"https:\\\/\\\/estmagnet.ee\\\/fi\\\/myyntiehdot\\\/\",\"name\":\"Myyntiehdot - EstMagnet O&Uuml;\",\"isPartOf\":{\"@id\":\"https:\\\/\\\/estmagnet.ee\\\/fi\\\/#website\"},\"datePublished\":\"2020-08-13T07:34:08+00:00\",\"dateModified\":\"2021-05-19T06:05:37+00:00\",\"breadcrumb\":{\"@id\":\"https:\\\/\\\/estmagnet.ee\\\/fi\\\/myyntiehdot\\\/#breadcrumb\"},\"inLanguage\":\"fi\",\"potentialAction\":[{\"@type\":\"ReadAction\",\"target\":[\"https:\\\/\\\/estmagnet.ee\\\/fi\\\/myyntiehdot\\\/\"]}]},{\"@type\":\"BreadcrumbList\",\"@id\":\"https:\\\/\\\/estmagnet.ee\\\/fi\\\/myyntiehdot\\\/#breadcrumb\",\"itemListElement\":[{\"@type\":\"ListItem\",\"position\":1,\"name\":\"Home\",\"item\":\"https:\\\/\\\/estmagnet.ee\\\/fi\\\/\"},{\"@type\":\"ListItem\",\"position\":2,\"name\":\"Myyntiehdot\"}]},{\"@type\":\"WebSite\",\"@id\":\"https:\\\/\\\/estmagnet.ee\\\/fi\\\/#website\",\"url\":\"https:\\\/\\\/estmagnet.ee\\\/fi\\\/\",\"name\":\"EstMagnet O&Uuml;\",\"description\":\"P&uuml;simagnetite m&uuml;&uuml;k\",\"publisher\":{\"@id\":\"https:\\\/\\\/estmagnet.ee\\\/fi\\\/#organization\"},\"potentialAction\":[{\"@type\":\"SearchAction\",\"target\":{\"@type\":\"EntryPoint\",\"urlTemplate\":\"https:\\\/\\\/estmagnet.ee\\\/fi\\\/?s={search_term_string}\"},\"query-input\":{\"@type\":\"PropertyValueSpecification\",\"valueRequired\":true,\"valueName\":\"search_term_string\"}}],\"inLanguage\":\"fi\"},{\"@type\":\"Organization\",\"@id\":\"https:\\\/\\\/estmagnet.ee\\\/fi\\\/#organization\",\"name\":\"Estmagnet\",\"url\":\"https:\\\/\\\/estmagnet.ee\\\/fi\\\/\",\"logo\":{\"@type\":\"ImageObject\",\"inLanguage\":\"fi\",\"@id\":\"https:\\\/\\\/estmagnet.ee\\\/fi\\\/#\\\/schema\\\/logo\\\/image\\\/\",\"url\":\"https:\\\/\\\/estmagnet.ee\\\/wp-content\\\/uploads\\\/2020\\\/08\\\/estmagnetlogo-1.svg\",\"contentUrl\":\"https:\\\/\\\/estmagnet.ee\\\/wp-content\\\/uploads\\\/2020\\\/08\\\/estmagnetlogo-1.svg\",\"width\":\"1400\",\"height\":\"800\",\"caption\":\"Estmagnet\"},\"image\":{\"@id\":\"https:\\\/\\\/estmagnet.ee\\\/fi\\\/#\\\/schema\\\/logo\\\/image\\\/\"}}]}<\/script>\n<!-- \/ Yoast SEO plugin. -->","yoast_head_json":{"title":"Myyntiehdot - EstMagnet O&Uuml;","robots":{"index":"index","follow":"follow","max-snippet":"max-snippet:-1","max-image-preview":"max-image-preview:large","max-video-preview":"max-video-preview:-1"},"canonical":"https:\/\/estmagnet.ee\/fi\/myyntiehdot\/","og_locale":"fi_FI","og_type":"article","og_title":"Myyntiehdot - EstMagnet O&Uuml;","og_description":"Myyntiehdot EstMagnet.ee-verkkokaupan (j\u00e4ljemp\u00e4n\u00e4 \u201dverkkokauppa\u201d) omistaa EstMagnet O\u00dc (yritystunnus 12294969), joka toimii osoitteessa S\u00f5pruse pst 20-7, Tallinna. Myyntisopimuksen voimassaolo, tavara- ja hintatiedot Myyntisopimukset koskevat tuotteiden ostoa verkkokaupasta. Verkkokaupassa myyt\u00e4vien tuotteiden hinnat on merkitty kunkin tuotteen yhteyteen. Hinnan lis\u00e4ksi ostajalta veloitetaan toimituskulut. Toimituskulut riippuvat ostajan osoitteesta ja toimitustavasta. Toimituskulut n\u00e4kyv\u00e4t ostajalle tilauksen tekemisen yhteydess\u00e4. Tuotetiedot on esitetty [...]","og_url":"https:\/\/estmagnet.ee\/fi\/myyntiehdot\/","og_site_name":"EstMagnet O&Uuml;","article_modified_time":"2021-05-19T06:05:37+00:00","twitter_card":"summary_large_image","twitter_misc":{"Arvioitu lukuaika":"5 minuuttia"},"schema":{"@context":"https:\/\/schema.org","@graph":[{"@type":"WebPage","@id":"https:\/\/estmagnet.ee\/fi\/myyntiehdot\/","url":"https:\/\/estmagnet.ee\/fi\/myyntiehdot\/","name":"Myyntiehdot - EstMagnet O&Uuml;","isPartOf":{"@id":"https:\/\/estmagnet.ee\/fi\/#website"},"datePublished":"2020-08-13T07:34:08+00:00","dateModified":"2021-05-19T06:05:37+00:00","breadcrumb":{"@id":"https:\/\/estmagnet.ee\/fi\/myyntiehdot\/#breadcrumb"},"inLanguage":"fi","potentialAction":[{"@type":"ReadAction","target":["https:\/\/estmagnet.ee\/fi\/myyntiehdot\/"]}]},{"@type":"BreadcrumbList","@id":"https:\/\/estmagnet.ee\/fi\/myyntiehdot\/#breadcrumb","itemListElement":[{"@type":"ListItem","position":1,"name":"Home","item":"https:\/\/estmagnet.ee\/fi\/"},{"@type":"ListItem","position":2,"name":"Myyntiehdot"}]},{"@type":"WebSite","@id":"https:\/\/estmagnet.ee\/fi\/#website","url":"https:\/\/estmagnet.ee\/fi\/","name":"EstMagnet O&Uuml;","description":"P&uuml;simagnetite m&uuml;&uuml;k","publisher":{"@id":"https:\/\/estmagnet.ee\/fi\/#organization"},"potentialAction":[{"@type":"SearchAction","target":{"@type":"EntryPoint","urlTemplate":"https:\/\/estmagnet.ee\/fi\/?s={search_term_string}"},"query-input":{"@type":"PropertyValueSpecification","valueRequired":true,"valueName":"search_term_string"}}],"inLanguage":"fi"},{"@type":"Organization","@id":"https:\/\/estmagnet.ee\/fi\/#organization","name":"Estmagnet","url":"https:\/\/estmagnet.ee\/fi\/","logo":{"@type":"ImageObject","inLanguage":"fi","@id":"https:\/\/estmagnet.ee\/fi\/#\/schema\/logo\/image\/","url":"https:\/\/estmagnet.ee\/wp-content\/uploads\/2020\/08\/estmagnetlogo-1.svg","contentUrl":"https:\/\/estmagnet.ee\/wp-content\/uploads\/2020\/08\/estmagnetlogo-1.svg","width":"1400","height":"800","caption":"Estmagnet"},"image":{"@id":"https:\/\/estmagnet.ee\/fi\/#\/schema\/logo\/image\/"}}]}},"_links":{"self":[{"href":"https:\/\/estmagnet.ee\/fi\/wp-json\/wp\/v2\/pages\/1706","targetHints":{"allow":["GET"]}}],"collection":[{"href":"https:\/\/estmagnet.ee\/fi\/wp-json\/wp\/v2\/pages"}],"about":[{"href":"https:\/\/estmagnet.ee\/fi\/wp-json\/wp\/v2\/types\/page"}],"author":[{"embeddable":true,"href":"https:\/\/estmagnet.ee\/fi\/wp-json\/wp\/v2\/users\/3"}],"replies":[{"embeddable":true,"href":"https:\/\/estmagnet.ee\/fi\/wp-json\/wp\/v2\/comments?post=1706"}],"version-history":[{"count":1,"href":"https:\/\/estmagnet.ee\/fi\/wp-json\/wp\/v2\/pages\/1706\/revisions"}],"predecessor-version":[{"id":1707,"href":"https:\/\/estmagnet.ee\/fi\/wp-json\/wp\/v2\/pages\/1706\/revisions\/1707"}],"wp:attachment":[{"href":"https:\/\/estmagnet.ee\/fi\/wp-json\/wp\/v2\/media?parent=1706"}],"curies":[{"name":"wp","href":"https:\/\/api.w.org\/{rel}","templated":true}]}}