{"id":1704,"date":"2020-08-13T10:33:44","date_gmt":"2020-08-13T07:33:44","guid":{"rendered":"https:\/\/estmagnet.ee\/tietosuojaehdot\/"},"modified":"2021-05-19T09:05:37","modified_gmt":"2021-05-19T06:05:37","slug":"tietosuojaehdot","status":"publish","type":"page","link":"https:\/\/estmagnet.ee\/fi\/tietosuojaehdot\/","title":{"rendered":"Tietosuojaehdot"},"content":{"rendered":"\n<h1 class=\"wp-block-heading\">Tietosuojaehdot<\/h1>\n\n<p>Olemme laatineet n\u00e4m\u00e4 tietosuojaehdot selvitt\u00e4\u00e4ksemme, mink\u00e4laisia tietoja ker\u00e4\u00e4mme k\u00e4ytt\u00e4jist\u00e4 ja mihin tarkoitukseen tietoja k\u00e4yt\u00e4mme. Teemme parhaamme, jotta n\u00e4k\u00f6kantamme olisivat helposti tajuttavissa ja yksiselitteisesti ymm\u00e4rrett\u00e4viss\u00e4.<\/p>\n\n<h3 class=\"wp-block-heading\">K\u00e4yt\u00e4mme tietojen ker\u00e4\u00e4miseen seuraavia tapoja:<\/h3>\n\n<ol class=\"wp-block-list\"><li>Kun luovutat meille tietojasi tai annat meille oikeuden ker\u00e4t\u00e4 niit\u00e4\u00a0<a rel=\"noreferrer noopener\" href=\"http:\/\/estmagnet.ee\" target=\"_blank\">Estmagne<\/a><a href=\"http:\/\/estmagnet.ee\" target=\"_blank\" rel=\"noreferrer noopener\">t<\/a><a rel=\"noreferrer noopener\" href=\"http:\/\/estmagnet.ee\" target=\"_blank\">.ee<\/a><a rel=\"noreferrer noopener\" href=\"http:\/\/xn--rajakaameramk-7oba.ee\/\" target=\"_blank\">\u00a0<\/a>-verkkokauppaa k\u00e4ytt\u00e4ess\u00e4si, sinulta k\u00e4ytt\u00e4j\u00e4n\u00e4 pyydet\u00e4\u00e4n lupa k\u00e4ytt\u00e4\u00e4 sinua koskevia tietoja. Ker\u00e4tt\u00e4vi\u00e4 tietoja ovat muun muassa:<ul><li>Etunimi<\/li><li>Sukunimi<\/li><li>Puhelinnumero<\/li><li>S\u00e4hk\u00f6postiosoite<\/li><li>Pankkitilin numero<\/li><li>Tavaran toimitusosoite<\/li><li>Tuotteiden ja palvelujen hinta- ja maksutiedot (ostohistoria)<\/li><\/ul><\/li><li>Palvelua k\u00e4ytett\u00e4ess\u00e4 verkkosivut ker\u00e4\u00e4v\u00e4t ev\u00e4steiden avulla my\u00f6s teknisi\u00e4 tietoja.<\/li><\/ol>\n\n<h3 class=\"wp-block-heading\">Ev\u00e4steet<\/h3>\n\n<p>Ker\u00e4\u00e4mme ja tallennamme k\u00e4ytt\u00e4j\u00e4kohtaisia ev\u00e4steit\u00e4 tehd\u00e4ksemme verkkokaupasta helppok\u00e4ytt\u00f6isen. Ev\u00e4ste on pieni tekstitiedosto, jonka verkkosivut, joilla k\u00e4ytt\u00e4j\u00e4 k\u00e4y, l\u00e4hett\u00e4v\u00e4t ja tallentavat k\u00e4ytt\u00e4j\u00e4n tietokoneeseen. Ev\u00e4ste tallennetaan k\u00e4ytt\u00e4j\u00e4n selaimen tiedostokansioon. Jos k\u00e4ytt\u00e4j\u00e4 on aiemmin vieraillut verkkosivuilla, selain lukee ev\u00e4steen ja l\u00e4hett\u00e4\u00e4 asianmukaisen tiedon elementille, joka ev\u00e4steen alun perin tallensi. Ev\u00e4steiden poisto on selainkohtainen ja toimii selaimen asetusten kautta. Voit lukea lis\u00e4\u00e4 ev\u00e4steiden k\u00e4yt\u00f6st\u00e4 osoitteesta\u00a0<a href=\"http:\/\/www.aboutcookies.org\/\" target=\"_blank\" rel=\"noreferrer noopener\">www.aboutcookies.org<\/a><\/p>\n\n<h3 class=\"wp-block-heading\">Mihin tarkoitukseen ev\u00e4steit\u00e4 k\u00e4yt\u00e4mme<\/h3>\n\n<ul class=\"wp-block-list\"><li>Google Analytics \u2013 k\u00e4ytt\u00e4j\u00e4n tiedot tallennetaan k\u00e4ytt\u00e4j\u00e4tilastojen ker\u00e4\u00e4miseksi. Google Analyticsin tietoihin on tallennettu my\u00f6s k\u00e4ytt\u00e4j\u00e4n IP-osoite. Tilastojen avulla saamme k\u00e4sityksen k\u00e4ytt\u00e4jien k\u00e4ytt\u00e4ytymistavoista, saamme tietoa verkkosivujen puutteista sek\u00e4 pystymme tekem\u00e4\u00e4n verkkokaupasta pitk\u00e4ll\u00e4 aikav\u00e4lill\u00e4 viel\u00e4 yksil\u00f6llisemm\u00e4n ja helppok\u00e4ytt\u00f6isemm\u00e4n.<\/li><\/ul>\n\n<h3 class=\"wp-block-heading\">Mit\u00e4 teemme ker\u00e4\u00e4mill\u00e4mme tiedoilla<\/h3>\n\n<p>K\u00e4yt\u00e4mme ker\u00e4\u00e4mi\u00e4mme tietoja palvelujen tarjoamiseksi. Emme siis ker\u00e4\u00e4 k\u00e4ytt\u00e4jist\u00e4 tietoja, jotka eiv\u00e4t ole tarpeen palvelujen tarjoamiseksi. K\u00e4ytt\u00e4j\u00e4\u00e4n liittyv\u00e4t tiedot ovat tarvittaessa saatavilla:<\/p>\n\n<ul class=\"wp-block-list\"><li>K\u00e4ytt\u00e4j\u00e4lle<\/li><li>Verkkosivujen j\u00e4rjestelm\u00e4p\u00e4\u00e4llik\u00f6lle<\/li><li>Sopimusasioiden k\u00e4sittelij\u00f6ille<\/li><li>Maksekeskus AS, henkil\u00f6tietojen k\u00e4sittelij\u00e4<\/li><\/ul>\n\n<p>Kaikki yhteisty\u00f6yrityksemme jakavat kanssamme samat periaatteet sek\u00e4 s\u00e4ilytt\u00e4v\u00e4t ja hy\u00f6dynt\u00e4v\u00e4t k\u00e4ytt\u00e4j\u00e4n henkil\u00f6tietoja samoilla periaatteilla. K\u00e4ytt\u00e4j\u00e4n etujen suojelemiseksi henkil\u00f6tietojen k\u00e4sittely tapahtuu eri osapuolien v\u00e4lill\u00e4 vain sopimuksen perusteella.<\/p>\n\n<p>Tilastotietojen ker\u00e4\u00e4misess\u00e4 hyv\u00e4ntahtoinen tavoitteemme on palvelumme helppok\u00e4ytt\u00f6isyys ja verkkosivujen ongelmaton toimiminen. Tilastotietojen ansiosta voimme analysoida k\u00e4ytt\u00e4jien k\u00e4ytt\u00e4ytymismalleja verkkopalveluiden k\u00e4yt\u00f6ss\u00e4 ja n\u00e4hd\u00e4, millaisia sis\u00e4lt\u00f6sivuja on k\u00e4ytetty eniten ja miss\u00e4 kohdissa k\u00e4ytt\u00e4j\u00e4t t\u00f6rm\u00e4\u00e4v\u00e4t puutteisiin.<\/p>\n\n<h3 class=\"wp-block-heading\">Suoramarkkinointiviestint\u00e4<\/h3>\n\n<p>K\u00e4ytt\u00e4j\u00e4n ilmaistessa kiinnostuksensa l\u00e4het\u00e4mme h\u00e4nelle uutiskirjeit\u00e4 uusista tuotteista, palveluista ja ehdoista. K\u00e4ytt\u00e4j\u00e4n on annettava suostumus uutiskirjeiden saamiseksi. Ellei k\u00e4ytt\u00e4j\u00e4 halua en\u00e4\u00e4 saada suoramarkkinointitiedotteita, h\u00e4nen on valittava s\u00e4hk\u00f6postin alareunasta asianmukainen linkki tai l\u00e4hetett\u00e4v\u00e4 viestien l\u00e4hetyksen lopettamispyynt\u00f6 osoitteeseen\u00a0<a href=\"mailto:info@rajakaameramuuk.ee\">magnetid@gmail.com<\/a><\/p>\n\n<p>Jos henkil\u00f6tietoja k\u00e4sitell\u00e4\u00e4n suoramarkkinointitarkoituksessa, asiakkaalla on oikeus vastustaa milloin tahansa henkil\u00f6tietojensa alustavaa tai jatkok\u00e4sittely\u00e4 l\u00e4hett\u00e4m\u00e4ll\u00e4 s\u00e4hk\u00f6postia asiakastuelle osoitteeseen\u00a0<a href=\"mailto:info@rajakaameramuuk.ee\"><\/a><a href=\"mailto:info@rajakaameramuuk.ee\">magnetid@gmail.com<\/a><\/p>\n\n<h3 class=\"wp-block-heading\">Miten ja milloin jaamme tietoja<\/h3>\n\n<p>K\u00e4ytt\u00e4j\u00e4\u00e4n liittyv\u00e4t tiedot ovat poikkeuksetta saatavilla vain k\u00e4ytt\u00e4j\u00e4lle ja verkkosivujen j\u00e4rjestelm\u00e4p\u00e4\u00e4llik\u00f6lle.<\/p>\n\n<p>Verkkokauppa jakaa k\u00e4ytt\u00e4j\u00e4n tietoja viranomaisille, jos on riitt\u00e4v\u00e4 syy olettaa, ett\u00e4 k\u00e4ytt\u00e4j\u00e4n k\u00e4yt\u00f6s on vilpillist\u00e4 yritykselle tai muille k\u00e4ytt\u00e4jille.<\/p>\n\n<p>Muissa tapauksissa l\u00e4het\u00e4mme kolmansille henkil\u00f6ille henkil\u00f6tietoja vain siin\u00e4 tapauksessa, ett\u00e4 meill\u00e4 on olemassa suostumus henkil\u00f6lt\u00e4, jonka tietoja l\u00e4hetet\u00e4\u00e4n.<\/p>\n\n<h3 class=\"wp-block-heading\">Kuinka kauan s\u00e4ilyt\u00e4mme k\u00e4ytt\u00e4j\u00e4n tietoja<\/h3>\n\n<p>Tietoja k\u00e4ytet\u00e4\u00e4n aktiivisesti asiakkaan etujen mukaisesti ja sin\u00e4 aikana, jolloin tietojen k\u00e4ytt\u00f6 on tarpeen palvelujen tarjoamisen tarkoituksessa. Asiakkaan etuja silm\u00e4ll\u00e4 pit\u00e4en ei ole tietojen s\u00e4ilytysaikaa rajoitettu ajallisesti. Tietojen poisto tapahtuu asiakkaan kirjallisen vaatimuksen perusteella, joka on l\u00e4hetetty osoitteeseen\u00a0<a href=\"mailto:info@rajakaameramuuk.ee\"><\/a><a href=\"mailto:info@rajakaameramuuk.ee\">magnetid@gmail.com<\/a>.\u00a0Tietoja poistaessamme sovellamme toimenpiteen kaikkiin k\u00e4yt\u00f6ss\u00e4 oleviin j\u00e4rjestelmiin \u2013 omat ja yhteisty\u00f6yritysten varmuuskopiot mukaan lukien.<\/p>\n\n<h3 class=\"wp-block-heading\">K\u00e4ytt\u00e4j\u00e4n oikeudet omien tietojen hallinnassa<\/h3>\n\n<p>Asiakkaana sinulla on milloin tahansa oikeus tutustua omiin henkil\u00f6tietoihisi l\u00e4hett\u00e4m\u00e4ll\u00e4 asianmukainen kysely osoitteeseen\u00a0<a href=\"mailto:info@rajakaameramuuk.ee\"><\/a><a href=\"mailto:info@rajakaameramuuk.ee\">magnetid@gmail.com<\/a>. Henkil\u00f6tietoihin et voi tutustua, jos sellainen oikeus on lakis\u00e4\u00e4teisesti rajoitettu.<\/p>\n\n<p>K\u00e4ytt\u00e4j\u00e4ll\u00e4 on oikeus milloin tahansa peruuttaa suostumuksensa henkil\u00f6tietojen k\u00e4sittelyyn, paitsi siin\u00e4 tapauksessa, ett\u00e4 henkil\u00f6tietojen k\u00e4sittely on lain mukaan sallittu ilman k\u00e4ytt\u00e4j\u00e4n suostumusta. Suostumuksen peruuttaminen ei vaikuta ennen peruutusta suostumuksen perusteella tapahtuneen k\u00e4sittelyn laillisuuteen.\u00a0<\/p>\n\n<p>Mik\u00e4li katsot, ettei henkil\u00f6tietojasi k\u00e4sitell\u00e4 sopimusehtojen tai lains\u00e4\u00e4d\u00e4nn\u00f6n s\u00e4\u00e4d\u00f6sten mukaisesti, sinulla on oikeus vaatia palvelua tarjoavalta yritykselt\u00e4, ett\u00e4 verkkokauppa lopettaa henkil\u00f6tietojen k\u00e4sittelyn ja silt\u00e4 lopetetaan p\u00e4\u00e4sy tietoihin tai ett\u00e4 ker\u00e4tyt tiedot poistetaan. T\u00e4llainen pyynt\u00f6 esitet\u00e4\u00e4n palvelun tarjoajan osoitteeseen\u00a0<a href=\"mailto:info@rajakaameramuuk.ee\"><\/a><a href=\"mailto:info@rajakaameramuuk.ee\">magnetid@gmail.com<\/a>\u00a0tai ottamalla yhteys tietosuojaviranomaiseen\u00a0(<a rel=\"noreferrer noopener\" href=\"http:\/\/www.aki.ee\/\" target=\"_blank\">www.aki.ee<\/a>).<\/p>\n\n<h3 class=\"wp-block-heading\">Ota meihin yhteytt\u00e4<\/h3>\n\n<p>Olet tervetullut ottamaan meihin yhteytt\u00e4 tietosuojaehtoihin liittyviss\u00e4 kysymyksiss\u00e4:<\/p>\n\n<ul class=\"wp-block-list\"><li><a href=\"mailto:info@rajakaameramuuk.ee\"><\/a><a href=\"mailto:info@rajakaameramuuk.ee\">magnetid@gmail.com<\/a><\/li><li><a href=\"callto:+3725165932\">+372 516 5932<\/a><\/li><\/ul>\n","protected":false},"excerpt":{"rendered":"<p>Tietosuojaehdot Olemme laatineet n\u00e4m\u00e4 tietosuojaehdot selvitt\u00e4\u00e4ksemme, mink\u00e4laisia tietoja ker\u00e4\u00e4mme k\u00e4ytt\u00e4jist\u00e4 ja mihin tarkoitukseen tietoja k\u00e4yt\u00e4mme. Teemme parhaamme, jotta n\u00e4k\u00f6kantamme olisivat helposti tajuttavissa ja yksiselitteisesti ymm\u00e4rrett\u00e4viss\u00e4. K\u00e4yt\u00e4mme tietojen ker\u00e4\u00e4miseen seuraavia tapoja: Kun luovutat meille tietojasi tai annat meille oikeuden ker\u00e4t\u00e4 niit\u00e4\u00a0Estmagnet.ee\u00a0-verkkokauppaa k\u00e4ytt\u00e4ess\u00e4si, sinulta k\u00e4ytt\u00e4j\u00e4n\u00e4 pyydet\u00e4\u00e4n lupa k\u00e4ytt\u00e4\u00e4 sinua koskevia tietoja. Ker\u00e4tt\u00e4vi\u00e4 tietoja ovat muun muassa: Etunimi [&#8230;]\n","protected":false},"author":3,"featured_media":0,"parent":0,"menu_order":0,"comment_status":"closed","ping_status":"closed","template":"","meta":{"footnotes":""},"class_list":["post-1704","page","type-page","status-publish","hentry"],"yoast_head":"<!-- This site is optimized with the Yoast SEO plugin v27.4 - https:\/\/yoast.com\/product\/yoast-seo-wordpress\/ -->\n<title>Tietosuojaehdot - EstMagnet O&Uuml;<\/title>\n<meta name=\"robots\" content=\"index, follow, max-snippet:-1, max-image-preview:large, max-video-preview:-1\" \/>\n<link rel=\"canonical\" href=\"https:\/\/estmagnet.ee\/fi\/tietosuojaehdot\/\" \/>\n<meta property=\"og:locale\" content=\"fi_FI\" \/>\n<meta property=\"og:type\" content=\"article\" \/>\n<meta property=\"og:title\" content=\"Tietosuojaehdot - EstMagnet O&Uuml;\" \/>\n<meta property=\"og:description\" content=\"Tietosuojaehdot Olemme laatineet n\u00e4m\u00e4 tietosuojaehdot selvitt\u00e4\u00e4ksemme, mink\u00e4laisia tietoja ker\u00e4\u00e4mme k\u00e4ytt\u00e4jist\u00e4 ja mihin tarkoitukseen tietoja k\u00e4yt\u00e4mme. Teemme parhaamme, jotta n\u00e4k\u00f6kantamme olisivat helposti tajuttavissa ja yksiselitteisesti ymm\u00e4rrett\u00e4viss\u00e4. K\u00e4yt\u00e4mme tietojen ker\u00e4\u00e4miseen seuraavia tapoja: Kun luovutat meille tietojasi tai annat meille oikeuden ker\u00e4t\u00e4 niit\u00e4\u00a0Estmagnet.ee\u00a0-verkkokauppaa k\u00e4ytt\u00e4ess\u00e4si, sinulta k\u00e4ytt\u00e4j\u00e4n\u00e4 pyydet\u00e4\u00e4n lupa k\u00e4ytt\u00e4\u00e4 sinua koskevia tietoja. Ker\u00e4tt\u00e4vi\u00e4 tietoja ovat muun muassa: Etunimi [...]\" \/>\n<meta property=\"og:url\" content=\"https:\/\/estmagnet.ee\/fi\/tietosuojaehdot\/\" \/>\n<meta property=\"og:site_name\" content=\"EstMagnet O&Uuml;\" \/>\n<meta property=\"article:modified_time\" content=\"2021-05-19T06:05:37+00:00\" \/>\n<meta name=\"twitter:card\" content=\"summary_large_image\" \/>\n<meta name=\"twitter:label1\" content=\"Arvioitu lukuaika\" \/>\n\t<meta name=\"twitter:data1\" content=\"4 minuuttia\" \/>\n<script type=\"application\/ld+json\" class=\"yoast-schema-graph\">{\"@context\":\"https:\\\/\\\/schema.org\",\"@graph\":[{\"@type\":\"WebPage\",\"@id\":\"https:\\\/\\\/estmagnet.ee\\\/fi\\\/tietosuojaehdot\\\/\",\"url\":\"https:\\\/\\\/estmagnet.ee\\\/fi\\\/tietosuojaehdot\\\/\",\"name\":\"Tietosuojaehdot - EstMagnet O&Uuml;\",\"isPartOf\":{\"@id\":\"https:\\\/\\\/estmagnet.ee\\\/fi\\\/#website\"},\"datePublished\":\"2020-08-13T07:33:44+00:00\",\"dateModified\":\"2021-05-19T06:05:37+00:00\",\"breadcrumb\":{\"@id\":\"https:\\\/\\\/estmagnet.ee\\\/fi\\\/tietosuojaehdot\\\/#breadcrumb\"},\"inLanguage\":\"fi\",\"potentialAction\":[{\"@type\":\"ReadAction\",\"target\":[\"https:\\\/\\\/estmagnet.ee\\\/fi\\\/tietosuojaehdot\\\/\"]}]},{\"@type\":\"BreadcrumbList\",\"@id\":\"https:\\\/\\\/estmagnet.ee\\\/fi\\\/tietosuojaehdot\\\/#breadcrumb\",\"itemListElement\":[{\"@type\":\"ListItem\",\"position\":1,\"name\":\"Home\",\"item\":\"https:\\\/\\\/estmagnet.ee\\\/fi\\\/\"},{\"@type\":\"ListItem\",\"position\":2,\"name\":\"Tietosuojaehdot\"}]},{\"@type\":\"WebSite\",\"@id\":\"https:\\\/\\\/estmagnet.ee\\\/fi\\\/#website\",\"url\":\"https:\\\/\\\/estmagnet.ee\\\/fi\\\/\",\"name\":\"EstMagnet O&Uuml;\",\"description\":\"P&uuml;simagnetite m&uuml;&uuml;k\",\"publisher\":{\"@id\":\"https:\\\/\\\/estmagnet.ee\\\/fi\\\/#organization\"},\"potentialAction\":[{\"@type\":\"SearchAction\",\"target\":{\"@type\":\"EntryPoint\",\"urlTemplate\":\"https:\\\/\\\/estmagnet.ee\\\/fi\\\/?s={search_term_string}\"},\"query-input\":{\"@type\":\"PropertyValueSpecification\",\"valueRequired\":true,\"valueName\":\"search_term_string\"}}],\"inLanguage\":\"fi\"},{\"@type\":\"Organization\",\"@id\":\"https:\\\/\\\/estmagnet.ee\\\/fi\\\/#organization\",\"name\":\"Estmagnet\",\"url\":\"https:\\\/\\\/estmagnet.ee\\\/fi\\\/\",\"logo\":{\"@type\":\"ImageObject\",\"inLanguage\":\"fi\",\"@id\":\"https:\\\/\\\/estmagnet.ee\\\/fi\\\/#\\\/schema\\\/logo\\\/image\\\/\",\"url\":\"https:\\\/\\\/estmagnet.ee\\\/wp-content\\\/uploads\\\/2020\\\/08\\\/estmagnetlogo-1.svg\",\"contentUrl\":\"https:\\\/\\\/estmagnet.ee\\\/wp-content\\\/uploads\\\/2020\\\/08\\\/estmagnetlogo-1.svg\",\"width\":\"1400\",\"height\":\"800\",\"caption\":\"Estmagnet\"},\"image\":{\"@id\":\"https:\\\/\\\/estmagnet.ee\\\/fi\\\/#\\\/schema\\\/logo\\\/image\\\/\"}}]}<\/script>\n<!-- \/ Yoast SEO plugin. -->","yoast_head_json":{"title":"Tietosuojaehdot - EstMagnet O&Uuml;","robots":{"index":"index","follow":"follow","max-snippet":"max-snippet:-1","max-image-preview":"max-image-preview:large","max-video-preview":"max-video-preview:-1"},"canonical":"https:\/\/estmagnet.ee\/fi\/tietosuojaehdot\/","og_locale":"fi_FI","og_type":"article","og_title":"Tietosuojaehdot - EstMagnet O&Uuml;","og_description":"Tietosuojaehdot Olemme laatineet n\u00e4m\u00e4 tietosuojaehdot selvitt\u00e4\u00e4ksemme, mink\u00e4laisia tietoja ker\u00e4\u00e4mme k\u00e4ytt\u00e4jist\u00e4 ja mihin tarkoitukseen tietoja k\u00e4yt\u00e4mme. Teemme parhaamme, jotta n\u00e4k\u00f6kantamme olisivat helposti tajuttavissa ja yksiselitteisesti ymm\u00e4rrett\u00e4viss\u00e4. K\u00e4yt\u00e4mme tietojen ker\u00e4\u00e4miseen seuraavia tapoja: Kun luovutat meille tietojasi tai annat meille oikeuden ker\u00e4t\u00e4 niit\u00e4\u00a0Estmagnet.ee\u00a0-verkkokauppaa k\u00e4ytt\u00e4ess\u00e4si, sinulta k\u00e4ytt\u00e4j\u00e4n\u00e4 pyydet\u00e4\u00e4n lupa k\u00e4ytt\u00e4\u00e4 sinua koskevia tietoja. Ker\u00e4tt\u00e4vi\u00e4 tietoja ovat muun muassa: Etunimi [...]","og_url":"https:\/\/estmagnet.ee\/fi\/tietosuojaehdot\/","og_site_name":"EstMagnet O&Uuml;","article_modified_time":"2021-05-19T06:05:37+00:00","twitter_card":"summary_large_image","twitter_misc":{"Arvioitu lukuaika":"4 minuuttia"},"schema":{"@context":"https:\/\/schema.org","@graph":[{"@type":"WebPage","@id":"https:\/\/estmagnet.ee\/fi\/tietosuojaehdot\/","url":"https:\/\/estmagnet.ee\/fi\/tietosuojaehdot\/","name":"Tietosuojaehdot - EstMagnet O&Uuml;","isPartOf":{"@id":"https:\/\/estmagnet.ee\/fi\/#website"},"datePublished":"2020-08-13T07:33:44+00:00","dateModified":"2021-05-19T06:05:37+00:00","breadcrumb":{"@id":"https:\/\/estmagnet.ee\/fi\/tietosuojaehdot\/#breadcrumb"},"inLanguage":"fi","potentialAction":[{"@type":"ReadAction","target":["https:\/\/estmagnet.ee\/fi\/tietosuojaehdot\/"]}]},{"@type":"BreadcrumbList","@id":"https:\/\/estmagnet.ee\/fi\/tietosuojaehdot\/#breadcrumb","itemListElement":[{"@type":"ListItem","position":1,"name":"Home","item":"https:\/\/estmagnet.ee\/fi\/"},{"@type":"ListItem","position":2,"name":"Tietosuojaehdot"}]},{"@type":"WebSite","@id":"https:\/\/estmagnet.ee\/fi\/#website","url":"https:\/\/estmagnet.ee\/fi\/","name":"EstMagnet O&Uuml;","description":"P&uuml;simagnetite m&uuml;&uuml;k","publisher":{"@id":"https:\/\/estmagnet.ee\/fi\/#organization"},"potentialAction":[{"@type":"SearchAction","target":{"@type":"EntryPoint","urlTemplate":"https:\/\/estmagnet.ee\/fi\/?s={search_term_string}"},"query-input":{"@type":"PropertyValueSpecification","valueRequired":true,"valueName":"search_term_string"}}],"inLanguage":"fi"},{"@type":"Organization","@id":"https:\/\/estmagnet.ee\/fi\/#organization","name":"Estmagnet","url":"https:\/\/estmagnet.ee\/fi\/","logo":{"@type":"ImageObject","inLanguage":"fi","@id":"https:\/\/estmagnet.ee\/fi\/#\/schema\/logo\/image\/","url":"https:\/\/estmagnet.ee\/wp-content\/uploads\/2020\/08\/estmagnetlogo-1.svg","contentUrl":"https:\/\/estmagnet.ee\/wp-content\/uploads\/2020\/08\/estmagnetlogo-1.svg","width":"1400","height":"800","caption":"Estmagnet"},"image":{"@id":"https:\/\/estmagnet.ee\/fi\/#\/schema\/logo\/image\/"}}]}},"_links":{"self":[{"href":"https:\/\/estmagnet.ee\/fi\/wp-json\/wp\/v2\/pages\/1704","targetHints":{"allow":["GET"]}}],"collection":[{"href":"https:\/\/estmagnet.ee\/fi\/wp-json\/wp\/v2\/pages"}],"about":[{"href":"https:\/\/estmagnet.ee\/fi\/wp-json\/wp\/v2\/types\/page"}],"author":[{"embeddable":true,"href":"https:\/\/estmagnet.ee\/fi\/wp-json\/wp\/v2\/users\/3"}],"replies":[{"embeddable":true,"href":"https:\/\/estmagnet.ee\/fi\/wp-json\/wp\/v2\/comments?post=1704"}],"version-history":[{"count":1,"href":"https:\/\/estmagnet.ee\/fi\/wp-json\/wp\/v2\/pages\/1704\/revisions"}],"predecessor-version":[{"id":1705,"href":"https:\/\/estmagnet.ee\/fi\/wp-json\/wp\/v2\/pages\/1704\/revisions\/1705"}],"wp:attachment":[{"href":"https:\/\/estmagnet.ee\/fi\/wp-json\/wp\/v2\/media?parent=1704"}],"curies":[{"name":"wp","href":"https:\/\/api.w.org\/{rel}","templated":true}]}}