{"id":1702,"date":"2013-08-11T19:17:44","date_gmt":"2013-08-11T16:17:44","guid":{"rendered":"https:\/\/estmagnet.ee\/hyva-tietaa\/"},"modified":"2021-05-19T10:16:23","modified_gmt":"2021-05-19T07:16:23","slug":"hyva-tietaa","status":"publish","type":"page","link":"https:\/\/estmagnet.ee\/fi\/hyva-tietaa\/","title":{"rendered":"Hyv\u00e4 tiet\u00e4\u00e4"},"content":{"rendered":"\n<h1 style=\"text-align: center; font-size: 3rem; margin-top: 40px\">Hyv\u00e4 tiet\u00e4\u00e4<\/h1>\n<div class=\"row\"  id=\"row-1908051599\">\n\n\n\t<div id=\"col-768558332\" class=\"col small-12 large-12\"  >\n\t\t\t\t<div class=\"col-inner\"  >\n\t\t\t\n\t\t\t\n\n\n  \n    <div class=\"row custom-blog-posts large-columns-3 medium-columns-1 small-columns-1\" >\n  <div class=\"col post-item\" >\n\t\t\t<div class=\"col-inner\">\n\t\t\t\t<div class=\"box box-push box-text-bottom box-blog-post has-hover\">\n            \t\t\t\t\t<div class=\"box-image\" >\n  \t\t\t\t\t\t<div class=\"image-cover\" style=\"padding-top:63%;\">\n\t\t\t\t\t\t\t<a href=\"https:\/\/estmagnet.ee\/fi\/turvallisuus-on-ensisijaista\/\" class=\"plain\" aria-label=\"Turvallisuus on ensisijaista\">\n\t\t\t\t\t\t\t\t<img loading=\"lazy\" decoding=\"async\" width=\"481\" height=\"400\" src=\"https:\/\/estmagnet.ee\/wp-content\/uploads\/2020\/08\/crazy-man-angry-expression_1194-4840-481x400.jpg\" class=\"attachment-medium size-medium wp-post-image\" alt=\"\" srcset=\"https:\/\/estmagnet.ee\/wp-content\/uploads\/2020\/08\/crazy-man-angry-expression_1194-4840-481x400.jpg 481w, https:\/\/estmagnet.ee\/wp-content\/uploads\/2020\/08\/crazy-man-angry-expression_1194-4840-510x424.jpg 510w, https:\/\/estmagnet.ee\/wp-content\/uploads\/2020\/08\/crazy-man-angry-expression_1194-4840-600x499.jpg 600w, https:\/\/estmagnet.ee\/wp-content\/uploads\/2020\/08\/crazy-man-angry-expression_1194-4840.jpg 626w\" sizes=\"auto, (max-width: 481px) 100vw, 481px\" \/>\t\t\t\t\t\t\t<\/a>\n  \t\t\t\t\t\t\t  \t\t\t\t\t\t\t  \t\t\t\t\t\t<\/div>\n  \t\t\t\t\t\t  \t\t\t\t\t<\/div>\n          \t\t\t\t\t<div class=\"box-text text-center\" >\n\t\t\t\t\t<div class=\"box-text-inner blog-post-inner\">\n\n\t\t\t\t\t\n\t\t\t\t\t\t\t\t\t\t<h5 class=\"post-title is-larger \">\n\t\t\t\t\t\t<a href=\"https:\/\/estmagnet.ee\/fi\/turvallisuus-on-ensisijaista\/\" class=\"plain\">Turvallisuus on ensisijaista<\/a>\n\t\t\t\t\t<\/h5>\n\t\t\t\t\t\t\t\t\t\t<div class=\"is-divider\"><\/div>\n\t\t\t\t\t\t\t\t\t\t<p class=\"from_the_blog_excerpt \">\n\t\t\t\t\t\tHyv\u00e4 tiet\u00e4\u00e4 turvallisuudesta!Luethan t\u00e4m\u00e4n pikkujutun ennen magneettien tilausta ja k\u00e4ytt\u00f6\u00e4. Juttu ei ole pitk\u00e4 tai mutkikas, kuitenkin jotkin perusasiat kannattaa tiet\u00e4\u00e4. Magneetit voivat olla ennalta arvaamattomia, neodyymimagneetti on valmistettu rapeasta [...]\t\t\t\t\t<\/p>\n\t\t\t\t\t                    \n\t\t\t\t\t\t\t\t\t\t\t<a href=\"https:\/\/estmagnet.ee\/fi\/turvallisuus-on-ensisijaista\/\" class=\"button primary is-bevel is-small mb-0\">\n\t\t\t\t\t\t\tLue lis\u00e4\u00e4\t\t\t\t\t\t<\/a>\n\t\t\t\t\t\n\t\t\t\t\t\n\t\t\t\t\t<\/div>\n\t\t\t\t\t<\/div>\n\t\t\t\t\t\t\t\t\t<\/div>\n\t\t\t<\/div>\n\t\t<\/div><div class=\"col post-item\" >\n\t\t\t<div class=\"col-inner\">\n\t\t\t\t<div class=\"box box-push box-text-bottom box-blog-post has-hover\">\n            \t\t\t\t\t<div class=\"box-image\" >\n  \t\t\t\t\t\t<div class=\"image-cover\" style=\"padding-top:63%;\">\n\t\t\t\t\t\t\t<a href=\"https:\/\/estmagnet.ee\/fi\/magneettikentta\/\" class=\"plain\" aria-label=\"Magneettikentt\u00e4\">\n\t\t\t\t\t\t\t\t<img loading=\"lazy\" decoding=\"async\" width=\"444\" height=\"400\" src=\"https:\/\/estmagnet.ee\/wp-content\/uploads\/2020\/08\/magnetite-ohutus-444x400.jpg\" class=\"attachment-medium size-medium wp-post-image\" alt=\"\" srcset=\"https:\/\/estmagnet.ee\/wp-content\/uploads\/2020\/08\/magnetite-ohutus-444x400.jpg 444w, https:\/\/estmagnet.ee\/wp-content\/uploads\/2020\/08\/magnetite-ohutus-510x459.jpg 510w, https:\/\/estmagnet.ee\/wp-content\/uploads\/2020\/08\/magnetite-ohutus.jpg 533w\" sizes=\"auto, (max-width: 444px) 100vw, 444px\" \/>\t\t\t\t\t\t\t<\/a>\n  \t\t\t\t\t\t\t  \t\t\t\t\t\t\t  \t\t\t\t\t\t<\/div>\n  \t\t\t\t\t\t  \t\t\t\t\t<\/div>\n          \t\t\t\t\t<div class=\"box-text text-center\" >\n\t\t\t\t\t<div class=\"box-text-inner blog-post-inner\">\n\n\t\t\t\t\t\n\t\t\t\t\t\t\t\t\t\t<h5 class=\"post-title is-larger \">\n\t\t\t\t\t\t<a href=\"https:\/\/estmagnet.ee\/fi\/magneettikentta\/\" class=\"plain\">Magneettikentt\u00e4<\/a>\n\t\t\t\t\t<\/h5>\n\t\t\t\t\t\t\t\t\t\t<div class=\"is-divider\"><\/div>\n\t\t\t\t\t\t\t\t\t\t<p class=\"from_the_blog_excerpt \">\n\t\t\t\t\t\tMagneetti on kappale tai materiaali, jolla on magneettikentt\u00e4. Magneettikentt\u00e4 on n\u00e4kym\u00e4t\u00f6n, kuitenkin se aiheuttaa metallien, kuten raudan vet\u00e4ytymisen ja muiden magneettien vet\u00e4ytymisen tai ty\u00f6ntymisen kohtiosta riippuen. Yleens\u00e4 magneetilla tarkoitetaan kestomagneettia, [...]\t\t\t\t\t<\/p>\n\t\t\t\t\t                    \n\t\t\t\t\t\t\t\t\t\t\t<a href=\"https:\/\/estmagnet.ee\/fi\/magneettikentta\/\" class=\"button primary is-bevel is-small mb-0\">\n\t\t\t\t\t\t\tLue lis\u00e4\u00e4\t\t\t\t\t\t<\/a>\n\t\t\t\t\t\n\t\t\t\t\t\n\t\t\t\t\t<\/div>\n\t\t\t\t\t<\/div>\n\t\t\t\t\t\t\t\t\t<\/div>\n\t\t\t<\/div>\n\t\t<\/div><\/div>\n\n\n\t\t<\/div>\n\t\t\t\t\t<\/div>\n\n\t\n\n\n<style>\n#row-1908051599 > .col > .col-inner {\n  padding: 50px 0px 0px 0px;\n}\n<\/style>\n<\/div>\n","protected":false},"excerpt":{"rendered":"<p>Hyv\u00e4 tiet\u00e4\u00e4<\/p>\n","protected":false},"author":3,"featured_media":0,"parent":0,"menu_order":0,"comment_status":"closed","ping_status":"closed","template":"","meta":{"footnotes":""},"class_list":["post-1702","page","type-page","status-publish","hentry"],"yoast_head":"<!-- This site is optimized with the Yoast SEO plugin v27.4 - https:\/\/yoast.com\/product\/yoast-seo-wordpress\/ -->\n<title>Hyv\u00e4 tiet\u00e4\u00e4 - EstMagnet O&Uuml;<\/title>\n<meta name=\"robots\" content=\"index, follow, max-snippet:-1, max-image-preview:large, max-video-preview:-1\" \/>\n<link rel=\"canonical\" href=\"https:\/\/estmagnet.ee\/fi\/hyva-tietaa\/\" \/>\n<meta property=\"og:locale\" content=\"fi_FI\" \/>\n<meta property=\"og:type\" content=\"article\" \/>\n<meta property=\"og:title\" content=\"Hyv\u00e4 tiet\u00e4\u00e4 - EstMagnet O&Uuml;\" \/>\n<meta property=\"og:description\" content=\"Hyv\u00e4 tiet\u00e4\u00e4\" \/>\n<meta property=\"og:url\" content=\"https:\/\/estmagnet.ee\/fi\/hyva-tietaa\/\" \/>\n<meta property=\"og:site_name\" content=\"EstMagnet O&Uuml;\" \/>\n<meta property=\"article:modified_time\" content=\"2021-05-19T07:16:23+00:00\" \/>\n<meta name=\"twitter:card\" content=\"summary_large_image\" \/>\n<script type=\"application\/ld+json\" class=\"yoast-schema-graph\">{\"@context\":\"https:\\\/\\\/schema.org\",\"@graph\":[{\"@type\":\"WebPage\",\"@id\":\"https:\\\/\\\/estmagnet.ee\\\/fi\\\/hyva-tietaa\\\/\",\"url\":\"https:\\\/\\\/estmagnet.ee\\\/fi\\\/hyva-tietaa\\\/\",\"name\":\"Hyv\u00e4 tiet\u00e4\u00e4 - EstMagnet O&Uuml;\",\"isPartOf\":{\"@id\":\"https:\\\/\\\/estmagnet.ee\\\/fi\\\/#website\"},\"datePublished\":\"2013-08-11T16:17:44+00:00\",\"dateModified\":\"2021-05-19T07:16:23+00:00\",\"breadcrumb\":{\"@id\":\"https:\\\/\\\/estmagnet.ee\\\/fi\\\/hyva-tietaa\\\/#breadcrumb\"},\"inLanguage\":\"fi\",\"potentialAction\":[{\"@type\":\"ReadAction\",\"target\":[\"https:\\\/\\\/estmagnet.ee\\\/fi\\\/hyva-tietaa\\\/\"]}]},{\"@type\":\"BreadcrumbList\",\"@id\":\"https:\\\/\\\/estmagnet.ee\\\/fi\\\/hyva-tietaa\\\/#breadcrumb\",\"itemListElement\":[{\"@type\":\"ListItem\",\"position\":1,\"name\":\"Home\",\"item\":\"https:\\\/\\\/estmagnet.ee\\\/fi\\\/\"},{\"@type\":\"ListItem\",\"position\":2,\"name\":\"Hyv\u00e4 tiet\u00e4\u00e4\"}]},{\"@type\":\"WebSite\",\"@id\":\"https:\\\/\\\/estmagnet.ee\\\/fi\\\/#website\",\"url\":\"https:\\\/\\\/estmagnet.ee\\\/fi\\\/\",\"name\":\"EstMagnet O&Uuml;\",\"description\":\"P&uuml;simagnetite m&uuml;&uuml;k\",\"publisher\":{\"@id\":\"https:\\\/\\\/estmagnet.ee\\\/fi\\\/#organization\"},\"potentialAction\":[{\"@type\":\"SearchAction\",\"target\":{\"@type\":\"EntryPoint\",\"urlTemplate\":\"https:\\\/\\\/estmagnet.ee\\\/fi\\\/?s={search_term_string}\"},\"query-input\":{\"@type\":\"PropertyValueSpecification\",\"valueRequired\":true,\"valueName\":\"search_term_string\"}}],\"inLanguage\":\"fi\"},{\"@type\":\"Organization\",\"@id\":\"https:\\\/\\\/estmagnet.ee\\\/fi\\\/#organization\",\"name\":\"Estmagnet\",\"url\":\"https:\\\/\\\/estmagnet.ee\\\/fi\\\/\",\"logo\":{\"@type\":\"ImageObject\",\"inLanguage\":\"fi\",\"@id\":\"https:\\\/\\\/estmagnet.ee\\\/fi\\\/#\\\/schema\\\/logo\\\/image\\\/\",\"url\":\"https:\\\/\\\/estmagnet.ee\\\/wp-content\\\/uploads\\\/2020\\\/08\\\/estmagnetlogo-1.svg\",\"contentUrl\":\"https:\\\/\\\/estmagnet.ee\\\/wp-content\\\/uploads\\\/2020\\\/08\\\/estmagnetlogo-1.svg\",\"width\":\"1400\",\"height\":\"800\",\"caption\":\"Estmagnet\"},\"image\":{\"@id\":\"https:\\\/\\\/estmagnet.ee\\\/fi\\\/#\\\/schema\\\/logo\\\/image\\\/\"}}]}<\/script>\n<!-- \/ Yoast SEO plugin. -->","yoast_head_json":{"title":"Hyv\u00e4 tiet\u00e4\u00e4 - EstMagnet O&Uuml;","robots":{"index":"index","follow":"follow","max-snippet":"max-snippet:-1","max-image-preview":"max-image-preview:large","max-video-preview":"max-video-preview:-1"},"canonical":"https:\/\/estmagnet.ee\/fi\/hyva-tietaa\/","og_locale":"fi_FI","og_type":"article","og_title":"Hyv\u00e4 tiet\u00e4\u00e4 - EstMagnet O&Uuml;","og_description":"Hyv\u00e4 tiet\u00e4\u00e4","og_url":"https:\/\/estmagnet.ee\/fi\/hyva-tietaa\/","og_site_name":"EstMagnet O&Uuml;","article_modified_time":"2021-05-19T07:16:23+00:00","twitter_card":"summary_large_image","schema":{"@context":"https:\/\/schema.org","@graph":[{"@type":"WebPage","@id":"https:\/\/estmagnet.ee\/fi\/hyva-tietaa\/","url":"https:\/\/estmagnet.ee\/fi\/hyva-tietaa\/","name":"Hyv\u00e4 tiet\u00e4\u00e4 - EstMagnet O&Uuml;","isPartOf":{"@id":"https:\/\/estmagnet.ee\/fi\/#website"},"datePublished":"2013-08-11T16:17:44+00:00","dateModified":"2021-05-19T07:16:23+00:00","breadcrumb":{"@id":"https:\/\/estmagnet.ee\/fi\/hyva-tietaa\/#breadcrumb"},"inLanguage":"fi","potentialAction":[{"@type":"ReadAction","target":["https:\/\/estmagnet.ee\/fi\/hyva-tietaa\/"]}]},{"@type":"BreadcrumbList","@id":"https:\/\/estmagnet.ee\/fi\/hyva-tietaa\/#breadcrumb","itemListElement":[{"@type":"ListItem","position":1,"name":"Home","item":"https:\/\/estmagnet.ee\/fi\/"},{"@type":"ListItem","position":2,"name":"Hyv\u00e4 tiet\u00e4\u00e4"}]},{"@type":"WebSite","@id":"https:\/\/estmagnet.ee\/fi\/#website","url":"https:\/\/estmagnet.ee\/fi\/","name":"EstMagnet O&Uuml;","description":"P&uuml;simagnetite m&uuml;&uuml;k","publisher":{"@id":"https:\/\/estmagnet.ee\/fi\/#organization"},"potentialAction":[{"@type":"SearchAction","target":{"@type":"EntryPoint","urlTemplate":"https:\/\/estmagnet.ee\/fi\/?s={search_term_string}"},"query-input":{"@type":"PropertyValueSpecification","valueRequired":true,"valueName":"search_term_string"}}],"inLanguage":"fi"},{"@type":"Organization","@id":"https:\/\/estmagnet.ee\/fi\/#organization","name":"Estmagnet","url":"https:\/\/estmagnet.ee\/fi\/","logo":{"@type":"ImageObject","inLanguage":"fi","@id":"https:\/\/estmagnet.ee\/fi\/#\/schema\/logo\/image\/","url":"https:\/\/estmagnet.ee\/wp-content\/uploads\/2020\/08\/estmagnetlogo-1.svg","contentUrl":"https:\/\/estmagnet.ee\/wp-content\/uploads\/2020\/08\/estmagnetlogo-1.svg","width":"1400","height":"800","caption":"Estmagnet"},"image":{"@id":"https:\/\/estmagnet.ee\/fi\/#\/schema\/logo\/image\/"}}]}},"_links":{"self":[{"href":"https:\/\/estmagnet.ee\/fi\/wp-json\/wp\/v2\/pages\/1702","targetHints":{"allow":["GET"]}}],"collection":[{"href":"https:\/\/estmagnet.ee\/fi\/wp-json\/wp\/v2\/pages"}],"about":[{"href":"https:\/\/estmagnet.ee\/fi\/wp-json\/wp\/v2\/types\/page"}],"author":[{"embeddable":true,"href":"https:\/\/estmagnet.ee\/fi\/wp-json\/wp\/v2\/users\/3"}],"replies":[{"embeddable":true,"href":"https:\/\/estmagnet.ee\/fi\/wp-json\/wp\/v2\/comments?post=1702"}],"version-history":[{"count":3,"href":"https:\/\/estmagnet.ee\/fi\/wp-json\/wp\/v2\/pages\/1702\/revisions"}],"predecessor-version":[{"id":1838,"href":"https:\/\/estmagnet.ee\/fi\/wp-json\/wp\/v2\/pages\/1702\/revisions\/1838"}],"wp:attachment":[{"href":"https:\/\/estmagnet.ee\/fi\/wp-json\/wp\/v2\/media?parent=1702"}],"curies":[{"name":"wp","href":"https:\/\/api.w.org\/{rel}","templated":true}]}}