{"id":1700,"date":"2013-08-11T19:22:53","date_gmt":"2013-08-11T16:22:53","guid":{"rendered":"https:\/\/estmagnet.ee\/yhteystiedot\/"},"modified":"2021-05-19T09:05:37","modified_gmt":"2021-05-19T06:05:37","slug":"yhteystiedot","status":"publish","type":"page","link":"https:\/\/estmagnet.ee\/fi\/yhteystiedot\/","title":{"rendered":"Yhteystiedot"},"content":{"rendered":"\n<div class=\"row\"  id=\"row-2038597342\">\n\n\n\t<div id=\"col-1486471852\" class=\"col small-12 large-12\"  >\n\t\t\t\t<div class=\"col-inner\"  >\n\t\t\t\n\t\t\t\n\n<h1 style=\"text-align: center; font-size: 3rem; margin-top: 40px\">Yhteystiedot<\/h1>\n\n\t\t<\/div>\n\t\t\t\t\t<\/div>\n\n\t\n\n<\/div>\n<div class=\"row\"  id=\"row-868575852\">\n\n\n\t<div id=\"col-127966222\" class=\"col contact-info-content medium-4 small-12 large-3\"  >\n\t\t\t\t<div class=\"col-inner\"  >\n\t\t\t\n\t\t\t\n\n<h2 style=\"margin-bottom: 0;\">EstMagnet O\u00dc<\/h2>\n<p style=\"text-align: left; opacity: 0.6\">Yritystunnus 12294969<\/p>\n<p style=\"text-align: left; margin-bottom: 5px; margin-top: 30px;\"><i class=\"fas fa-phone-alt\" style=\"margin-right: 10px;\"><\/i> <a href=\"tel:+3725165932\">+372 516 5932<\/a><\/p>\n<p style=\"text-align: left; margin-bottom:5px;\"><i class=\"fas fa-mail-bulk\" style=\"margin-right: 10px;\"><\/i><a href=\"mailto:magnetid@gmail.com\">magnetid@gmail.com<\/a><\/p>\n<p style=\"text-align: left; margin-bottom:5px;\"><i class=\"fas fa-map-marker-alt\" style=\"margin-right: 10px;\"><\/i>S\u00f5pruse pst 20\/7<\/p>\n<p style=\"text-align: left; margin-bottom:5px; margin-left:25px\">P.\u00a0S. Osoitteessa ei sijaitse kauppaa.<\/p>\n<p style=\"text-align: left;\"><i class=\"far fa-clock\" style=\"margin-right: 25px;\"><\/i>Klo 11\u201316<\/p>\n\n\t\t<\/div>\n\t\t\t\t\n<style>\n#col-127966222 > .col-inner {\n  padding: 0px 0px 0px 0px;\n}\n@media (min-width:550px) {\n  #col-127966222 > .col-inner {\n    padding: 50px 0px 0px 30px;\n  }\n}\n<\/style>\n\t<\/div>\n\n\t\n\n\t<div id=\"col-1175548126\" class=\"col medium-8 small-12 large-9\"  >\n\t\t\t\t<div class=\"col-inner\"  >\n\t\t\t\n\t\t\t\n\n<p><iframe loading=\"lazy\" src=\"https:\/\/www.google.com\/maps\/embed?pb=!1m18!1m12!1m3!1d2029.55936546686!2d24.713718716195736!3d59.42374491049066!2m3!1f0!2f0!3f0!3m2!1i1024!2i768!4f13.1!3m3!1m2!1s0x4692948e80ccc287%3A0xf3b61349a1fee514!2sS%C3%B5pruse%20pst.%2020%2F7%2C%2010615%20Tallinn!5e0!3m2!1sen!2see!4v1600371847124!5m2!1sen!2see\" width=\"100%\" height=\"350\" frameborder=\"0\" style=\"border:0;\" allowfullscreen=\"\" aria-hidden=\"false\" tabindex=\"0\"><\/iframe><\/p>\n\n\t\t<\/div>\n\t\t\t\t\n<style>\n#col-1175548126 > .col-inner {\n  padding: 0px 20px 0px 0px;\n  margin: 20px 0px 0px 0px;\n}\n<\/style>\n\t<\/div>\n\n\t\n\n<\/div>\n<div class=\"row\"  id=\"row-1276998035\">\n\n\n\t<div id=\"col-1800589532\" class=\"col small-12 large-12\"  >\n\t\t\t\t<div class=\"col-inner\"  >\n\t\t\t\n\t\t\t\n\n<h1 style=\"text-align: center; font-size: 2em;\">Keit\u00e4 olemme<\/h1>\n\n\t\t<\/div>\n\t\t\t\t\t<\/div>\n\n\t\n\n\n<style>\n#row-1276998035 > .col > .col-inner {\n  padding: 40px 0px 0px 0px;\n}\n<\/style>\n<\/div>\n<div class=\"row\"  id=\"row-1013783611\">\n\n\n\t<div id=\"col-973280796\" class=\"col medium-2 small-12 large-2\"  >\n\t\t\t\t<div class=\"col-inner text-left\"  >\n\t\t\t\n\t\t\t\n\n\t<div class=\"img has-hover x md-x lg-x y md-y lg-y\" id=\"image_914668188\">\n\t\t\t\t\t\t\t\t<div class=\"img-inner dark\" >\n\t\t\t<img loading=\"lazy\" decoding=\"async\" width=\"500\" height=\"506\" src=\"https:\/\/estmagnet.ee\/wp-content\/uploads\/2020\/07\/Artboard-1.png\" class=\"attachment-large size-large\" alt=\"favicon\" srcset=\"https:\/\/estmagnet.ee\/wp-content\/uploads\/2020\/07\/Artboard-1.png 500w, https:\/\/estmagnet.ee\/wp-content\/uploads\/2020\/07\/Artboard-1-100x100.png 100w, https:\/\/estmagnet.ee\/wp-content\/uploads\/2020\/07\/Artboard-1-395x400.png 395w\" sizes=\"auto, (max-width: 500px) 100vw, 500px\" \/>\t\t\t\t\t\t\n\t\t\t\t\t<\/div>\n\t\t\t\t\t\t\t\t\n<style>\n#image_914668188 {\n  width: 40%;\n}\n@media (min-width:550px) {\n  #image_914668188 {\n    width: 100%;\n  }\n}\n<\/style>\n\t<\/div>\n\t\n\n\n\t\t<\/div>\n\t\t\t\t\n<style>\n#col-973280796 > .col-inner {\n  padding: 0px 0px 0px 0px;\n  margin: 0px 0px 0px -10px;\n}\n@media (min-width:550px) {\n  #col-973280796 > .col-inner {\n    padding: 0px 0px 0px 20px;\n    margin: 0px 0px 0px 20px;\n  }\n}\n@media (min-width:850px) {\n  #col-973280796 > .col-inner {\n    padding: 0px 0px 0px 30px;\n  }\n}\n<\/style>\n\t<\/div>\n\n\t\n\n\t<div id=\"col-796702190\" class=\"col medium-9 small-12 large-9\"  >\n\t\t\t\t<div class=\"col-inner\"  >\n\t\t\t\n\t\t\t\n\n<p>Laaja kokemus eri teollisuus- ja tuotantoaloilta on luonut vahvan perustan tuotekehittelyn ja ratkaisuun t\u00e4ht\u00e4\u00e4v\u00e4n yhteisty\u00f6n puitteissa. Riippumatta ongelman laajuudesta olemme varmoja, ett\u00e4 p\u00e4\u00e4semme optimaalisimmin toimivaan ratkaisuun.<\/p>\n<p>Erikoisemmat kysymykset ovat tervetulleita sek\u00e4 puhelimitse ett\u00e4 s\u00e4hk\u00f6postitse.<\/p>\n\n\t\t<\/div>\n\t\t\t\t\n<style>\n#col-796702190 > .col-inner {\n  padding: 0px 20px 0px 20px;\n}\n@media (min-width:550px) {\n  #col-796702190 > .col-inner {\n    padding: 0px 0px 0px 30px;\n  }\n}\n@media (min-width:850px) {\n  #col-796702190 > .col-inner {\n    padding: 0px 0px 0px 40px;\n  }\n}\n<\/style>\n\t<\/div>\n\n\t\n\n<\/div>\n<div class=\"row\"  id=\"row-251832387\">\n\n\n\t<div id=\"col-1145299324\" class=\"col small-12 large-12\"  >\n\t\t\t\t<div class=\"col-inner\"  >\n\t\t\t\n\t\t\t\n\n<h1 style=\"text-align: center; font-size: 2em; margin-bottom: 40px\">Kirjoita meille<\/h1>\n\n<div class=\"wpcf7 no-js\" id=\"wpcf7-f1866-o1\" lang=\"fi\" dir=\"ltr\" data-wpcf7-id=\"1866\">\n<div class=\"screen-reader-response\"><p role=\"status\" aria-live=\"polite\" aria-atomic=\"true\"><\/p> <ul><\/ul><\/div>\n<form action=\"\/fi\/wp-json\/wp\/v2\/pages\/1700#wpcf7-f1866-o1\" method=\"post\" class=\"wpcf7-form init\" aria-label=\"Yhteydenottolomake\" novalidate=\"novalidate\" data-status=\"init\">\n<fieldset class=\"hidden-fields-container\"><input type=\"hidden\" name=\"_wpcf7\" value=\"1866\" \/><input type=\"hidden\" name=\"_wpcf7_version\" value=\"6.1.5\" \/><input type=\"hidden\" name=\"_wpcf7_locale\" value=\"fi\" \/><input type=\"hidden\" name=\"_wpcf7_unit_tag\" value=\"wpcf7-f1866-o1\" \/><input type=\"hidden\" name=\"_wpcf7_container_post\" value=\"0\" \/><input type=\"hidden\" name=\"_wpcf7_posted_data_hash\" value=\"\" \/><input type=\"hidden\" name=\"_wpcf7_recaptcha_response\" value=\"\" \/>\n<\/fieldset>\n<p><span class=\"wpcf7-form-control-wrap\" data-name=\"your-name\"><input size=\"40\" maxlength=\"400\" class=\"wpcf7-form-control wpcf7-text wpcf7-validates-as-required custom-contact-form-input\" aria-required=\"true\" aria-invalid=\"false\" placeholder=\"Nimi\" value=\"\" type=\"text\" name=\"your-name\" \/><\/span>\n<\/p>\n<p><span class=\"wpcf7-form-control-wrap\" data-name=\"your-email\"><input size=\"40\" maxlength=\"400\" class=\"wpcf7-form-control wpcf7-email wpcf7-validates-as-required wpcf7-text wpcf7-validates-as-email custom-contact-form-input\" aria-required=\"true\" aria-invalid=\"false\" placeholder=\"S\u00e4hk\u00f6posti\" value=\"\" type=\"email\" name=\"your-email\" \/><\/span>\n<\/p>\n<p><span class=\"wpcf7-form-control-wrap\" data-name=\"your-content\"><textarea cols=\"40\" rows=\"10\" maxlength=\"2000\" class=\"wpcf7-form-control wpcf7-textarea wpcf7-validates-as-required custom-contact-form-input\" aria-required=\"true\" aria-invalid=\"false\" placeholder=\"Kysymyksi\u00e4 \/ ajatuksia\" name=\"your-content\"><\/textarea><\/span>\n<\/p>\n<p><span class=\"wpcf7-form-control-wrap\" data-name=\"your-consent\"><span class=\"wpcf7-form-control wpcf7-acceptance\"><span class=\"wpcf7-list-item\"><label><input type=\"checkbox\" name=\"your-consent\" value=\"1\" aria-invalid=\"false\" \/><span class=\"wpcf7-list-item-label\">Hyv\u00e4ksyn, ett\u00e4 t\u00e4ss\u00e4 lomakkeessa olevia tietoja k\u00e4sitell\u00e4\u00e4n, jotta minuun voidaan ottaa yhteytt\u00e4 ja rekister\u00f6id\u00e4 viestini. Lue <a target=\"_blank\" href=\"https:\/\/estmagnet.ee\/fi\/tietosuojaehdot\/\">tietosuojak\u00e4yt\u00e4nt\u00f6<\/a><\/span><\/label><\/span><\/span><\/span>\n<\/p>\n<p><input class=\"wpcf7-form-control wpcf7-submit has-spinner main-contact-form-button\" type=\"submit\" value=\"L\u00c4HETT\u00c4\u00c4\" \/>\n<\/p><input type='hidden' class='wpcf7-pum' value='{\"closepopup\":false,\"closedelay\":0,\"openpopup\":false,\"openpopup_id\":0}' \/><div class=\"wpcf7-response-output\" aria-hidden=\"true\"><\/div>\n<\/form>\n<\/div>\n\n\n\n\t\t<\/div>\n\t\t\t\t\n<style>\n#col-1145299324 > .col-inner {\n  padding: 0px 10px 0px 10px;\n  margin: 40px 0px 0px 0px;\n}\n@media (min-width:550px) {\n  #col-1145299324 > .col-inner {\n    padding: 0px 30px 0px 30px;\n  }\n}\n@media (min-width:850px) {\n  #col-1145299324 > .col-inner {\n    padding: 0px 100px 0px 100px;\n  }\n}\n<\/style>\n\t<\/div>\n\n\t\n\n<\/div>\n\n\n<p><\/p>\n","protected":false},"excerpt":{"rendered":"","protected":false},"author":3,"featured_media":394,"parent":0,"menu_order":0,"comment_status":"closed","ping_status":"closed","template":"page-blank.php","meta":{"footnotes":""},"class_list":["post-1700","page","type-page","status-publish","has-post-thumbnail","hentry"],"yoast_head":"<!-- This site is optimized with the Yoast SEO plugin v27.4 - https:\/\/yoast.com\/product\/yoast-seo-wordpress\/ -->\n<title>Yhteystiedot - EstMagnet O&Uuml;<\/title>\n<meta name=\"robots\" content=\"index, follow, max-snippet:-1, max-image-preview:large, max-video-preview:-1\" \/>\n<link rel=\"canonical\" href=\"https:\/\/estmagnet.ee\/fi\/yhteystiedot\/\" \/>\n<meta property=\"og:locale\" content=\"fi_FI\" \/>\n<meta property=\"og:type\" content=\"article\" \/>\n<meta property=\"og:title\" content=\"Yhteystiedot - EstMagnet O&Uuml;\" \/>\n<meta property=\"og:url\" content=\"https:\/\/estmagnet.ee\/fi\/yhteystiedot\/\" \/>\n<meta property=\"og:site_name\" content=\"EstMagnet O&Uuml;\" \/>\n<meta property=\"article:modified_time\" content=\"2021-05-19T06:05:37+00:00\" \/>\n<meta property=\"og:image\" content=\"https:\/\/estmagnet.ee\/wp-content\/uploads\/2016\/08\/dummy-1.jpg\" \/>\n\t<meta property=\"og:image:width\" content=\"400\" \/>\n\t<meta property=\"og:image:height\" content=\"260\" \/>\n\t<meta property=\"og:image:type\" content=\"image\/jpeg\" \/>\n<meta name=\"twitter:card\" content=\"summary_large_image\" \/>\n<meta name=\"twitter:label1\" content=\"Arvioitu lukuaika\" \/>\n\t<meta name=\"twitter:data1\" content=\"1 minuutti\" \/>\n<script type=\"application\/ld+json\" class=\"yoast-schema-graph\">{\"@context\":\"https:\\\/\\\/schema.org\",\"@graph\":[{\"@type\":\"WebPage\",\"@id\":\"https:\\\/\\\/estmagnet.ee\\\/fi\\\/yhteystiedot\\\/\",\"url\":\"https:\\\/\\\/estmagnet.ee\\\/fi\\\/yhteystiedot\\\/\",\"name\":\"Yhteystiedot - EstMagnet O&Uuml;\",\"isPartOf\":{\"@id\":\"https:\\\/\\\/estmagnet.ee\\\/fi\\\/#website\"},\"primaryImageOfPage\":{\"@id\":\"https:\\\/\\\/estmagnet.ee\\\/fi\\\/yhteystiedot\\\/#primaryimage\"},\"image\":{\"@id\":\"https:\\\/\\\/estmagnet.ee\\\/fi\\\/yhteystiedot\\\/#primaryimage\"},\"thumbnailUrl\":\"https:\\\/\\\/estmagnet.ee\\\/wp-content\\\/uploads\\\/2016\\\/08\\\/dummy-1.jpg\",\"datePublished\":\"2013-08-11T16:22:53+00:00\",\"dateModified\":\"2021-05-19T06:05:37+00:00\",\"breadcrumb\":{\"@id\":\"https:\\\/\\\/estmagnet.ee\\\/fi\\\/yhteystiedot\\\/#breadcrumb\"},\"inLanguage\":\"fi\",\"potentialAction\":[{\"@type\":\"ReadAction\",\"target\":[\"https:\\\/\\\/estmagnet.ee\\\/fi\\\/yhteystiedot\\\/\"]}]},{\"@type\":\"ImageObject\",\"inLanguage\":\"fi\",\"@id\":\"https:\\\/\\\/estmagnet.ee\\\/fi\\\/yhteystiedot\\\/#primaryimage\",\"url\":\"https:\\\/\\\/estmagnet.ee\\\/wp-content\\\/uploads\\\/2016\\\/08\\\/dummy-1.jpg\",\"contentUrl\":\"https:\\\/\\\/estmagnet.ee\\\/wp-content\\\/uploads\\\/2016\\\/08\\\/dummy-1.jpg\",\"width\":400,\"height\":260},{\"@type\":\"BreadcrumbList\",\"@id\":\"https:\\\/\\\/estmagnet.ee\\\/fi\\\/yhteystiedot\\\/#breadcrumb\",\"itemListElement\":[{\"@type\":\"ListItem\",\"position\":1,\"name\":\"Home\",\"item\":\"https:\\\/\\\/estmagnet.ee\\\/fi\\\/\"},{\"@type\":\"ListItem\",\"position\":2,\"name\":\"Yhteystiedot\"}]},{\"@type\":\"WebSite\",\"@id\":\"https:\\\/\\\/estmagnet.ee\\\/fi\\\/#website\",\"url\":\"https:\\\/\\\/estmagnet.ee\\\/fi\\\/\",\"name\":\"EstMagnet O&Uuml;\",\"description\":\"P&uuml;simagnetite m&uuml;&uuml;k\",\"publisher\":{\"@id\":\"https:\\\/\\\/estmagnet.ee\\\/fi\\\/#organization\"},\"potentialAction\":[{\"@type\":\"SearchAction\",\"target\":{\"@type\":\"EntryPoint\",\"urlTemplate\":\"https:\\\/\\\/estmagnet.ee\\\/fi\\\/?s={search_term_string}\"},\"query-input\":{\"@type\":\"PropertyValueSpecification\",\"valueRequired\":true,\"valueName\":\"search_term_string\"}}],\"inLanguage\":\"fi\"},{\"@type\":\"Organization\",\"@id\":\"https:\\\/\\\/estmagnet.ee\\\/fi\\\/#organization\",\"name\":\"Estmagnet\",\"url\":\"https:\\\/\\\/estmagnet.ee\\\/fi\\\/\",\"logo\":{\"@type\":\"ImageObject\",\"inLanguage\":\"fi\",\"@id\":\"https:\\\/\\\/estmagnet.ee\\\/fi\\\/#\\\/schema\\\/logo\\\/image\\\/\",\"url\":\"https:\\\/\\\/estmagnet.ee\\\/wp-content\\\/uploads\\\/2020\\\/08\\\/estmagnetlogo-1.svg\",\"contentUrl\":\"https:\\\/\\\/estmagnet.ee\\\/wp-content\\\/uploads\\\/2020\\\/08\\\/estmagnetlogo-1.svg\",\"width\":\"1400\",\"height\":\"800\",\"caption\":\"Estmagnet\"},\"image\":{\"@id\":\"https:\\\/\\\/estmagnet.ee\\\/fi\\\/#\\\/schema\\\/logo\\\/image\\\/\"}}]}<\/script>\n<!-- \/ Yoast SEO plugin. -->","yoast_head_json":{"title":"Yhteystiedot - EstMagnet O&Uuml;","robots":{"index":"index","follow":"follow","max-snippet":"max-snippet:-1","max-image-preview":"max-image-preview:large","max-video-preview":"max-video-preview:-1"},"canonical":"https:\/\/estmagnet.ee\/fi\/yhteystiedot\/","og_locale":"fi_FI","og_type":"article","og_title":"Yhteystiedot - EstMagnet O&Uuml;","og_url":"https:\/\/estmagnet.ee\/fi\/yhteystiedot\/","og_site_name":"EstMagnet O&Uuml;","article_modified_time":"2021-05-19T06:05:37+00:00","og_image":[{"width":400,"height":260,"url":"https:\/\/estmagnet.ee\/wp-content\/uploads\/2016\/08\/dummy-1.jpg","type":"image\/jpeg"}],"twitter_card":"summary_large_image","twitter_misc":{"Arvioitu lukuaika":"1 minuutti"},"schema":{"@context":"https:\/\/schema.org","@graph":[{"@type":"WebPage","@id":"https:\/\/estmagnet.ee\/fi\/yhteystiedot\/","url":"https:\/\/estmagnet.ee\/fi\/yhteystiedot\/","name":"Yhteystiedot - EstMagnet O&Uuml;","isPartOf":{"@id":"https:\/\/estmagnet.ee\/fi\/#website"},"primaryImageOfPage":{"@id":"https:\/\/estmagnet.ee\/fi\/yhteystiedot\/#primaryimage"},"image":{"@id":"https:\/\/estmagnet.ee\/fi\/yhteystiedot\/#primaryimage"},"thumbnailUrl":"https:\/\/estmagnet.ee\/wp-content\/uploads\/2016\/08\/dummy-1.jpg","datePublished":"2013-08-11T16:22:53+00:00","dateModified":"2021-05-19T06:05:37+00:00","breadcrumb":{"@id":"https:\/\/estmagnet.ee\/fi\/yhteystiedot\/#breadcrumb"},"inLanguage":"fi","potentialAction":[{"@type":"ReadAction","target":["https:\/\/estmagnet.ee\/fi\/yhteystiedot\/"]}]},{"@type":"ImageObject","inLanguage":"fi","@id":"https:\/\/estmagnet.ee\/fi\/yhteystiedot\/#primaryimage","url":"https:\/\/estmagnet.ee\/wp-content\/uploads\/2016\/08\/dummy-1.jpg","contentUrl":"https:\/\/estmagnet.ee\/wp-content\/uploads\/2016\/08\/dummy-1.jpg","width":400,"height":260},{"@type":"BreadcrumbList","@id":"https:\/\/estmagnet.ee\/fi\/yhteystiedot\/#breadcrumb","itemListElement":[{"@type":"ListItem","position":1,"name":"Home","item":"https:\/\/estmagnet.ee\/fi\/"},{"@type":"ListItem","position":2,"name":"Yhteystiedot"}]},{"@type":"WebSite","@id":"https:\/\/estmagnet.ee\/fi\/#website","url":"https:\/\/estmagnet.ee\/fi\/","name":"EstMagnet O&Uuml;","description":"P&uuml;simagnetite m&uuml;&uuml;k","publisher":{"@id":"https:\/\/estmagnet.ee\/fi\/#organization"},"potentialAction":[{"@type":"SearchAction","target":{"@type":"EntryPoint","urlTemplate":"https:\/\/estmagnet.ee\/fi\/?s={search_term_string}"},"query-input":{"@type":"PropertyValueSpecification","valueRequired":true,"valueName":"search_term_string"}}],"inLanguage":"fi"},{"@type":"Organization","@id":"https:\/\/estmagnet.ee\/fi\/#organization","name":"Estmagnet","url":"https:\/\/estmagnet.ee\/fi\/","logo":{"@type":"ImageObject","inLanguage":"fi","@id":"https:\/\/estmagnet.ee\/fi\/#\/schema\/logo\/image\/","url":"https:\/\/estmagnet.ee\/wp-content\/uploads\/2020\/08\/estmagnetlogo-1.svg","contentUrl":"https:\/\/estmagnet.ee\/wp-content\/uploads\/2020\/08\/estmagnetlogo-1.svg","width":"1400","height":"800","caption":"Estmagnet"},"image":{"@id":"https:\/\/estmagnet.ee\/fi\/#\/schema\/logo\/image\/"}}]}},"_links":{"self":[{"href":"https:\/\/estmagnet.ee\/fi\/wp-json\/wp\/v2\/pages\/1700","targetHints":{"allow":["GET"]}}],"collection":[{"href":"https:\/\/estmagnet.ee\/fi\/wp-json\/wp\/v2\/pages"}],"about":[{"href":"https:\/\/estmagnet.ee\/fi\/wp-json\/wp\/v2\/types\/page"}],"author":[{"embeddable":true,"href":"https:\/\/estmagnet.ee\/fi\/wp-json\/wp\/v2\/users\/3"}],"replies":[{"embeddable":true,"href":"https:\/\/estmagnet.ee\/fi\/wp-json\/wp\/v2\/comments?post=1700"}],"version-history":[{"count":1,"href":"https:\/\/estmagnet.ee\/fi\/wp-json\/wp\/v2\/pages\/1700\/revisions"}],"predecessor-version":[{"id":1701,"href":"https:\/\/estmagnet.ee\/fi\/wp-json\/wp\/v2\/pages\/1700\/revisions\/1701"}],"wp:featuredmedia":[{"embeddable":true,"href":"https:\/\/estmagnet.ee\/fi\/wp-json\/wp\/v2\/media\/394"}],"wp:attachment":[{"href":"https:\/\/estmagnet.ee\/fi\/wp-json\/wp\/v2\/media?parent=1700"}],"curies":[{"name":"wp","href":"https:\/\/api.w.org\/{rel}","templated":true}]}}